{"id":1355,"date":"2023-12-02T21:40:38","date_gmt":"2023-12-02T20:40:38","guid":{"rendered":"https:\/\/dynamicshot.fr\/?page_id=1355"},"modified":"2024-01-20T21:20:21","modified_gmt":"2024-01-20T20:20:21","slug":"a-propos","status":"publish","type":"page","link":"https:\/\/dynamicshot.fr\/?page_id=1355","title":{"rendered":"A propos"},"content":{"rendered":"<!-- wp:themify-builder\/canvas \/-->","protected":false},"excerpt":{"rendered":"","protected":false},"author":1,"featured_media":0,"parent":0,"menu_order":0,"comment_status":"closed","ping_status":"closed","template":"","meta":{"om_disable_all_campaigns":false,"_monsterinsights_skip_tracking":false,"_monsterinsights_sitenote_active":false,"_monsterinsights_sitenote_note":"","_monsterinsights_sitenote_category":0,"footnotes":""},"class_list":["post-1355","page","type-page","status-publish","hentry","has-post-title","has-post-date","has-post-category","has-post-tag","has-post-comment","has-post-author",""],"aioseo_notices":[],"builder_content":"<h1>A Propos\u00a0<\/h1>\n<img src=\"http:\/\/dynamicshot.fr\/wp-content\/uploads\/2024\/01\/3249e9db-783c-45cc-a34b-2974b2ac0eb5.__CR00300400_PT0_SX300_V1___.jpg\" width=\"300\" height=\"400\" title=\"A propos\" alt=\"A propos\">\n<img src=\"http:\/\/dynamicshot.fr\/wp-content\/uploads\/2024\/01\/om-maillot3_542-5483803_20220520071737.jpg\" width=\"768\" height=\"432\" title=\"A propos\" alt=\"A propos\">\n<h2>3+ ans d'exp\u00e9riences.<\/h2>\n<h3>Pour la passion du sport.<\/h3>\n<p>Depuis notre cr\u00e9ation il y a plus de 5 ans maintenant, nous proposons des produits de qualit\u00e9 \u00e0 des prix abordables car le sport reste une activit\u00e9 populaire. Nous nous assurons que les derniers maillots de foot et les derniers produits de sport soit \u00e0 votre port\u00e9 sans vous ruiner.<\/p>\n<em ><svg xmlns:xlink=\"http:\/\/www.w3.org\/1999\/xlink\" aria-hidden=\"true\"><use href=\"#tf-fas-check\" xlink:href=\"#tf-fas-check\"><\/use><\/svg><\/em> Produit de qualit\u00e9 <em ><svg xmlns:xlink=\"http:\/\/www.w3.org\/1999\/xlink\" aria-hidden=\"true\"><use href=\"#tf-fas-check\" xlink:href=\"#tf-fas-check\"><\/use><\/svg><\/em> Satisfait ou rembours\u00e9 <em ><svg xmlns:xlink=\"http:\/\/www.w3.org\/1999\/xlink\" aria-hidden=\"true\"><use href=\"#tf-fas-check\" xlink:href=\"#tf-fas-check\"><\/use><\/svg><\/em> Excellent service clients\n<img src=\"http:\/\/dynamicshot.fr\/wp-content\/uploads\/2024\/01\/cardbox_delivery_free_shipment_shipping_icon.svg\" width=\"65\" height=\"65\" title=\"Livraison Gratuite(Free Shipping)\" alt=\"Livraison Gratuite(Free Shipping)\"> <h3> Livraison Gratuite(Free Shipping) <\/h3>\n<img src=\"http:\/\/dynamicshot.fr\/wp-content\/uploads\/2024\/01\/business_card_cash_credit_money_icon.svg\" width=\"65\" height=\"65\" title=\"paiement s\u00e9curis\u00e9(Secured Payments(\" alt=\"paiement s\u00e9curis\u00e9(Secured Payments(\"> <h3> paiement s\u00e9curis\u00e9(Secured Payments( <\/h3>\n<img src=\"http:\/\/dynamicshot.fr\/wp-content\/uploads\/2024\/01\/communication_device_headset_icon.svg\" width=\"65\" height=\"65\" title=\"Support en ligne H24 7\/7(Online Support)\" alt=\"Support en ligne H24 7\/7(Online Support)\"> <h3> Support en ligne H24 7\/7(Online Support) <\/h3>\n<h2>Notre Histoire\u00a0<\/h2> <p>Cette boutique a vu le jour lors du Covid, il a fallu pendant cette p\u00e9riode se reinvent\u00e9 et quoi de mieux que par le sport. La petite histoire est celle d'un enfant dans le super march\u00e9 disant \u00e0 sa maman qu'il ne voulait pas le maillot marqu\u00e9 France mais qu'il voulait le maillot du Joueur Griezmann, l'id\u00e9e m'est venu de cherch\u00e9 \u00e0 travers le monde les boutiques qui pratiquaient les meilleurs prix et apporter une solution \u00e0 tous les fan de sport \u00e0 un prix abordable.<\/p> <h2>Notre Mission<\/h2> <p>Notre mission depuis plus de 3 ans est de vous fournir les maillots et les produits de sport de qualit\u00e9s, durables.<\/p>\n<img src=\"https:\/\/dynamicshot.fr\/wp-content\/uploads\/2024\/01\/sample-signature.png\" title=\"sample-signature\" alt=\"sample-signature\">\n<p>Yves C, Stephen<\/p>\n<img src=\"http:\/\/dynamicshot.fr\/wp-content\/uploads\/2024\/01\/nouveau-logo.png\" width=\"752\" height=\"581\" title=\"A propos\" alt=\"A propos\">","_links":{"self":[{"href":"https:\/\/dynamicshot.fr\/index.php?rest_route=\/wp\/v2\/pages\/1355","targetHints":{"allow":["GET"]}}],"collection":[{"href":"https:\/\/dynamicshot.fr\/index.php?rest_route=\/wp\/v2\/pages"}],"about":[{"href":"https:\/\/dynamicshot.fr\/index.php?rest_route=\/wp\/v2\/types\/page"}],"author":[{"embeddable":true,"href":"https:\/\/dynamicshot.fr\/index.php?rest_route=\/wp\/v2\/users\/1"}],"replies":[{"embeddable":true,"href":"https:\/\/dynamicshot.fr\/index.php?rest_route=%2Fwp%2Fv2%2Fcomments&post=1355"}],"version-history":[{"count":5,"href":"https:\/\/dynamicshot.fr\/index.php?rest_route=\/wp\/v2\/pages\/1355\/revisions"}],"predecessor-version":[{"id":4905,"href":"https:\/\/dynamicshot.fr\/index.php?rest_route=\/wp\/v2\/pages\/1355\/revisions\/4905"}],"wp:attachment":[{"href":"https:\/\/dynamicshot.fr\/index.php?rest_route=%2Fwp%2Fv2%2Fmedia&parent=1355"}],"curies":[{"name":"wp","href":"https:\/\/api.w.org\/{rel}","templated":true}]}}