{"id":1357,"date":"2023-12-02T21:41:08","date_gmt":"2023-12-02T20:41:08","guid":{"rendered":"https:\/\/dynamicshot.fr\/?page_id=1357"},"modified":"2026-02-19T20:42:03","modified_gmt":"2026-02-19T19:42:03","slug":"contact","status":"publish","type":"page","link":"https:\/\/dynamicshot.fr\/?page_id=1357","title":{"rendered":"Contact"},"content":{"rendered":"<!-- wp:themify-builder\/canvas \/-->","protected":false},"excerpt":{"rendered":"","protected":false},"author":1,"featured_media":0,"parent":0,"menu_order":0,"comment_status":"closed","ping_status":"closed","template":"","meta":{"om_disable_all_campaigns":false,"_monsterinsights_skip_tracking":false,"_monsterinsights_sitenote_active":false,"_monsterinsights_sitenote_note":"","_monsterinsights_sitenote_category":0,"footnotes":""},"class_list":["post-1357","page","type-page","status-publish","hentry","has-post-title","has-post-date","has-post-category","has-post-tag","has-post-comment","has-post-author",""],"aioseo_notices":[],"builder_content":"<iframe src=\"https:\/\/www.google.com\/maps\/embed?pb=!1m18!1m12!1m3!1d2795.351173444133!2d4.8757813!3d45.5231383!2m3!1f0!2f0!3f0!3m2!1i1024!2i768!4f13.1!3m3!1m2!1s0x47f4df084bf812cd%3A0x8b02283eebfe3c98!2s55%20Rue%20Victor%20Hugo%2C%2038200%20Vienne!5e0!3m2!1sfr!2sfr!4v1705782529129!5m2!1sfr!2sfr\" width=\"100%\" height=\"450\" style=\"border:0;\" allowfullscreen=\"\" loading=\"lazy\" referrerpolicy=\"no-referrer-when-downgrade\"><\/iframe>\n<h2>Pour Nous Contacter<\/h2>\n<p>Vos opinions sont importantes pour nous. Qu'il s'agisse d'une simple question ou d'une suggestion pr\u00e9cieuse, nous sommes l\u00e0 24 heures sur 24, 7 jours sur 7. Vous pouvez nous appeler par t\u00e9l\u00e9phone ou nous envoyer un courriel directement.<\/p>\n\n<em ><svg xmlns:xlink=\"http:\/\/www.w3.org\/1999\/xlink\" aria-hidden=\"true\"><use href=\"#tf-fas-phone\" xlink:href=\"#tf-fas-phone\"><\/use><\/svg><\/em> (+33) 04 27 68 08 15 <em ><svg xmlns:xlink=\"http:\/\/www.w3.org\/1999\/xlink\" aria-hidden=\"true\"><use href=\"#tf-far-envelope\" xlink:href=\"#tf-far-envelope\"><\/use><\/svg><\/em> contact@dynamicshot.fr <em ><svg xmlns:xlink=\"http:\/\/www.w3.org\/1999\/xlink\" aria-hidden=\"true\"><use href=\"#tf-far-map-pin\" xlink:href=\"#tf-far-map-pin\"><\/use><\/svg><\/em> 55 rue Victor Hugo 38200 Vienne\n<h4>Email Us<\/h4>","_links":{"self":[{"href":"https:\/\/dynamicshot.fr\/index.php?rest_route=\/wp\/v2\/pages\/1357","targetHints":{"allow":["GET"]}}],"collection":[{"href":"https:\/\/dynamicshot.fr\/index.php?rest_route=\/wp\/v2\/pages"}],"about":[{"href":"https:\/\/dynamicshot.fr\/index.php?rest_route=\/wp\/v2\/types\/page"}],"author":[{"embeddable":true,"href":"https:\/\/dynamicshot.fr\/index.php?rest_route=\/wp\/v2\/users\/1"}],"replies":[{"embeddable":true,"href":"https:\/\/dynamicshot.fr\/index.php?rest_route=%2Fwp%2Fv2%2Fcomments&post=1357"}],"version-history":[{"count":16,"href":"https:\/\/dynamicshot.fr\/index.php?rest_route=\/wp\/v2\/pages\/1357\/revisions"}],"predecessor-version":[{"id":7697,"href":"https:\/\/dynamicshot.fr\/index.php?rest_route=\/wp\/v2\/pages\/1357\/revisions\/7697"}],"wp:attachment":[{"href":"https:\/\/dynamicshot.fr\/index.php?rest_route=%2Fwp%2Fv2%2Fmedia&parent=1357"}],"curies":[{"name":"wp","href":"https:\/\/api.w.org\/{rel}","templated":true}]}}