{"id":2212,"date":"2023-12-19T09:19:49","date_gmt":"2023-12-19T08:19:49","guid":{"rendered":"https:\/\/dynamicshot.fr\/?post_type=product&#038;p=2212"},"modified":"2026-01-31T14:56:15","modified_gmt":"2026-01-31T13:56:15","slug":"maillot-domicile-equipe-du-cameroun-2023-2024-flocage-gratuit-copie","status":"publish","type":"product","link":"https:\/\/dynamicshot.fr\/?product=maillot-domicile-equipe-du-cameroun-2023-2024-flocage-gratuit-copie","title":{"rendered":"Maillot Domicile S\u00e9n\u00e9gal \u2013 Coupe du Monde 2026 (USA\u2013Canada\u2013Mexique) \u2013 Personnalisable (Flocage Gratuit)"},"content":{"rendered":"<h2 data-start=\"2887\" data-end=\"2984\">\ud83c\uddf8\ud83c\uddf3 <strong data-start=\"2895\" data-end=\"2984\">Maillot Domicile S\u00e9n\u00e9gal \u2013 Coupe du Monde 2026 (USA\u2013Canada\u2013Mexique) \u2013 Personnalisable<\/strong><\/h2>\n<h3 data-start=\"2986\" data-end=\"3029\"><strong data-start=\"2990\" data-end=\"3029\">Prix : 49,99 \u20ac \u2013 Livraison gratuite<\/strong><\/h3>\n<p data-start=\"3031\" data-end=\"3248\">Soutenez les <strong data-start=\"3044\" data-end=\"3067\">Lions de la T\u00e9ranga<\/strong> avec ce <strong data-start=\"3076\" data-end=\"3124\">maillot domicile S\u00e9n\u00e9gal Coupe du Monde 2026<\/strong>, inspir\u00e9 du design port\u00e9 par la s\u00e9lection s\u00e9n\u00e9galaise pour le tournoi organis\u00e9 aux <strong data-start=\"3208\" data-end=\"3247\">\u00c9tats-Unis, au Canada et au Mexique<\/strong>.<\/p>\n<p data-start=\"3250\" data-end=\"3420\">Ce maillot est <strong data-start=\"3265\" data-end=\"3336\">enti\u00e8rement personnalisable avec le nom et le num\u00e9ro de votre choix<\/strong>. Il convient aux supporters, joueurs amateurs, collectionneurs et fans de football.<\/p>\n<p data-start=\"3422\" data-end=\"3577\">\ud83c\udfa5 <strong data-start=\"3425\" data-end=\"3473\">Qualit\u00e9 v\u00e9rifi\u00e9e sur YouTube : Dynamicshotfr<\/strong><br data-start=\"3473\" data-end=\"3476\" \/>D\u00e9couvrez nos unboxings et tests produits en vid\u00e9o. Abonnez-vous \u2014 nous faisons gagner des maillots !<\/p>\n<p data-start=\"3579\" data-end=\"3741\">\ud83d\udc99 <strong data-start=\"3582\" data-end=\"3606\">Engagement solidaire<\/strong><br data-start=\"3606\" data-end=\"3609\" \/>Pour chaque maillot achet\u00e9, <strong data-start=\"3637\" data-end=\"3686\">5 \u20ac sont revers\u00e9s \u00e0 l\u2019association EBA Salomon<\/strong> (actions humanitaires en France et \u00e0 l\u2019international).<\/p>\n<hr data-start=\"3743\" data-end=\"3746\" \/>\n<h2 data-start=\"3748\" data-end=\"3781\">\ud83d\udc55 Caract\u00e9ristiques du maillot<\/h2>\n<ul data-start=\"3783\" data-end=\"4128\">\n<li data-start=\"3783\" data-end=\"3822\">\n<p data-start=\"3785\" data-end=\"3822\">Tissu <strong data-start=\"3791\" data-end=\"3820\">100 % polyester respirant<\/strong><\/p>\n<\/li>\n<li data-start=\"3823\" data-end=\"3856\">\n<p data-start=\"3825\" data-end=\"3856\">Mati\u00e8re l\u00e9g\u00e8re et confortable<\/p>\n<\/li>\n<li data-start=\"3857\" data-end=\"3895\">\n<p data-start=\"3859\" data-end=\"3895\">Technologie <strong data-start=\"3871\" data-end=\"3893\">anti-transpiration<\/strong><\/p>\n<\/li>\n<li data-start=\"3896\" data-end=\"3967\">\n<p data-start=\"3898\" data-end=\"3967\"><strong data-start=\"3898\" data-end=\"3943\">Flocage professionnel r\u00e9sistant au lavage<\/strong> (nom + num\u00e9ro inclus)<\/p>\n<\/li>\n<li data-start=\"3968\" data-end=\"4017\">\n<p data-start=\"3970\" data-end=\"4017\">Design fid\u00e8le inspir\u00e9 du maillot S\u00e9n\u00e9gal 2026<\/p>\n<\/li>\n<li data-start=\"4018\" data-end=\"4084\">\n<p data-start=\"4020\" data-end=\"4084\">Tailles : <strong data-start=\"4030\" data-end=\"4082\">enfants et adultes (S, M, L, XL, XXL \u2013 unisexes)<\/strong><\/p>\n<\/li>\n<li data-start=\"4085\" data-end=\"4128\">\n<p data-start=\"4087\" data-end=\"4128\">Article <strong data-start=\"4095\" data-end=\"4103\">neuf<\/strong>, soigneusement emball\u00e9<\/p>\n<\/li>\n<\/ul>\n<hr data-start=\"4130\" data-end=\"4133\" \/>\n<h2 data-start=\"4135\" data-end=\"4164\">\u270d\ufe0f Comment personnaliser ?<\/h2>\n<p data-start=\"4166\" data-end=\"4202\">Apr\u00e8s votre commande, envoyez-nous :<\/p>\n<ul data-start=\"4203\" data-end=\"4285\">\n<li data-start=\"4203\" data-end=\"4227\">\n<p data-start=\"4205\" data-end=\"4227\">Le <strong data-start=\"4208\" data-end=\"4215\">nom<\/strong> \u00e0 floquer<\/p>\n<\/li>\n<li data-start=\"4228\" data-end=\"4254\">\n<p data-start=\"4230\" data-end=\"4254\">Le <strong data-start=\"4233\" data-end=\"4243\">num\u00e9ro<\/strong> souhait\u00e9<\/p>\n<\/li>\n<li data-start=\"4255\" data-end=\"4285\">\n<p data-start=\"4257\" data-end=\"4285\">Votre <strong data-start=\"4263\" data-end=\"4283\">taille (S \u00e0 XXL)<\/strong><\/p>\n<\/li>\n<\/ul>\n<p data-start=\"4287\" data-end=\"4356\">\ud83d\udce6 <strong data-start=\"4290\" data-end=\"4322\">Production : jusqu\u2019\u00e0 7 jours<\/strong>, puis envoi avec <strong data-start=\"4340\" data-end=\"4355\">suivi colis<\/strong>.<\/p>\n<hr data-start=\"4358\" data-end=\"4361\" \/>\n<h2 data-start=\"4363\" data-end=\"4378\">\ud83d\ude9a Livraison<\/h2>\n<ul data-start=\"4380\" data-end=\"4544\">\n<li data-start=\"4380\" data-end=\"4427\">\n<p data-start=\"4382\" data-end=\"4427\"><strong data-start=\"4382\" data-end=\"4425\">Livraison gratuite dans le monde entier<\/strong><\/p>\n<\/li>\n<li data-start=\"4428\" data-end=\"4443\">\n<p data-start=\"4430\" data-end=\"4443\">Colis suivi<\/p>\n<\/li>\n<li data-start=\"4444\" data-end=\"4485\">\n<p data-start=\"4446\" data-end=\"4485\"><strong data-start=\"4446\" data-end=\"4483\">D\u00e9lai estim\u00e9 : 20\u201330 jours ouvr\u00e9s<\/strong><\/p>\n<\/li>\n<li data-start=\"4486\" data-end=\"4544\">\n<p data-start=\"4488\" data-end=\"4544\">Fabrication \u00e0 la commande dans notre atelier partenaire.<\/p>\n<\/li>\n<\/ul>\n<hr data-start=\"4546\" data-end=\"4549\" \/>\n<h2 data-start=\"4551\" data-end=\"4576\">\ud83d\udcb3 Paiement &amp; garantie<\/h2>\n<ul data-start=\"4578\" data-end=\"4740\">\n<li data-start=\"4578\" data-end=\"4599\">\n<p data-start=\"4580\" data-end=\"4599\">Paiement s\u00e9curis\u00e9<\/p>\n<\/li>\n<li data-start=\"4600\" data-end=\"4634\">\n<p data-start=\"4602\" data-end=\"4634\">Service client disponible 7j\/7<\/p>\n<\/li>\n<li data-start=\"4635\" data-end=\"4740\">\n<p data-start=\"4637\" data-end=\"4740\"><strong data-start=\"4637\" data-end=\"4740\">Remboursement possible en cas d\u2019erreur de flocage, de taille ou d\u00e9faut produit (retour n\u00e9cessaire).<\/strong><\/p>\n<\/li>\n<\/ul>\n<p data-start=\"4742\" data-end=\"4798\">\u26a0\ufe0f Articles personnalis\u00e9s non remboursables hors erreur.<\/p>\n<hr data-start=\"4800\" data-end=\"4803\" \/>\n<h2 data-start=\"4805\" data-end=\"4840\">\u2b50 Pourquoi choisir Dynamicshot ?<\/h2>\n<ul data-start=\"4842\" data-end=\"5035\">\n<li data-start=\"4842\" data-end=\"4894\">\n<p data-start=\"4844\" data-end=\"4894\">Boutique tenue par un passionn\u00e9 depuis <strong data-start=\"4883\" data-end=\"4892\">3 ans<\/strong><\/p>\n<\/li>\n<li data-start=\"4895\" data-end=\"4932\">\n<p data-start=\"4897\" data-end=\"4932\"><strong data-start=\"4897\" data-end=\"4930\">+95 % de satisfaction clients<\/strong><\/p>\n<\/li>\n<li data-start=\"4933\" data-end=\"4962\">\n<p data-start=\"4935\" data-end=\"4962\">Personnalisation compl\u00e8te<\/p>\n<\/li>\n<li data-start=\"4963\" data-end=\"5009\">\n<p data-start=\"4965\" data-end=\"5009\">Prix juste : <strong data-start=\"4978\" data-end=\"5007\">49,99 \u20ac livraison incluse<\/strong><\/p>\n<\/li>\n<li data-start=\"5010\" data-end=\"5035\">\n<p data-start=\"5012\" data-end=\"5035\">Soutien \u00e0 EBA Salomon<\/p>\n<\/li>\n<\/ul>\n<p data-start=\"5037\" data-end=\"5208\">Bonjour,<br data-start=\"5045\" data-end=\"5048\" \/>Je suis <strong data-start=\"5056\" data-end=\"5064\">Yves<\/strong>, fondateur de Dynamicshot. Mon objectif est de rendre le football accessible \u00e0 tous avec des maillots personnalis\u00e9s, qualitatifs et abordables.<\/p>\n<p data-start=\"5037\" data-end=\"5208\">maillot senegal 2026, maillot equipe senegal 2026, maillot senegal coupe du monde 2026,<br \/>\nmaillot domicile senegal 2026, maillot foot senegal personnalis\u00e9,<br \/>\nmaillot senegal personnalis\u00e9 nom num\u00e9ro, jersey senegal 2026,<br \/>\nmaillot supporter senegal, cadeau fan foot senegal,<br \/>\nmaillot football personnalis\u00e9, dynamicshot maillot senegal<\/p>\n","protected":false},"excerpt":{"rendered":"<p>le nouveau maillot du <b style=\"font-weight: 400;\">Equipe du S\u00e9n\u00e9gal <\/b><\/p>\n","protected":false},"featured_media":7543,"comment_status":"open","ping_status":"closed","template":"","meta":{"om_disable_all_campaigns":false,"_monsterinsights_skip_tracking":false,"_monsterinsights_sitenote_active":false,"_monsterinsights_sitenote_note":"","_monsterinsights_sitenote_category":0},"product_brand":[],"product_cat":[42,45,35,41,166],"product_tag":[465,167],"class_list":{"0":"post-2212","1":"product","2":"type-product","3":"status-publish","4":"has-post-thumbnail","6":"product_cat-equipes-nationales","7":"product_cat-equipes-nationales-afrique","8":"product_cat-football","9":"product_cat-maillots","10":"product_cat-senegal","11":"product_tag-coupe-du-monde-2026","12":"product_tag-equipe-senegal","13":"has-post-title","14":"has-post-date","15":"has-post-category","16":"has-post-tag","17":"has-post-comment","18":"has-post-author","19":"","20":"wcpa_has_options","22":"first","23":"instock","24":"shipping-taxable","25":"purchasable","26":"product-type-variable"},"aioseo_notices":[],"builder_content":"","_links":{"self":[{"href":"https:\/\/dynamicshot.fr\/index.php?rest_route=\/wp\/v2\/product\/2212","targetHints":{"allow":["GET"]}}],"collection":[{"href":"https:\/\/dynamicshot.fr\/index.php?rest_route=\/wp\/v2\/product"}],"about":[{"href":"https:\/\/dynamicshot.fr\/index.php?rest_route=\/wp\/v2\/types\/product"}],"replies":[{"embeddable":true,"href":"https:\/\/dynamicshot.fr\/index.php?rest_route=%2Fwp%2Fv2%2Fcomments&post=2212"}],"wp:featuredmedia":[{"embeddable":true,"href":"https:\/\/dynamicshot.fr\/index.php?rest_route=\/wp\/v2\/media\/7543"}],"wp:attachment":[{"href":"https:\/\/dynamicshot.fr\/index.php?rest_route=%2Fwp%2Fv2%2Fmedia&parent=2212"}],"wp:term":[{"taxonomy":"product_brand","embeddable":true,"href":"https:\/\/dynamicshot.fr\/index.php?rest_route=%2Fwp%2Fv2%2Fproduct_brand&post=2212"},{"taxonomy":"product_cat","embeddable":true,"href":"https:\/\/dynamicshot.fr\/index.php?rest_route=%2Fwp%2Fv2%2Fproduct_cat&post=2212"},{"taxonomy":"product_tag","embeddable":true,"href":"https:\/\/dynamicshot.fr\/index.php?rest_route=%2Fwp%2Fv2%2Fproduct_tag&post=2212"}],"curies":[{"name":"wp","href":"https:\/\/api.w.org\/{rel}","templated":true}]}}