{"id":2317,"date":"2023-12-19T10:06:22","date_gmt":"2023-12-19T09:06:22","guid":{"rendered":"https:\/\/dynamicshot.fr\/?post_type=product&#038;p=2317"},"modified":"2026-01-17T16:50:03","modified_gmt":"2026-01-17T15:50:03","slug":"maillot-exterieur-equipe-dalgerie-2023-2024-flocage-gratuit-copie","status":"publish","type":"product","link":"https:\/\/dynamicshot.fr\/?product=maillot-exterieur-equipe-dalgerie-2023-2024-flocage-gratuit-copie","title":{"rendered":"Maillot Domicile Alg\u00e9rie \u2013 Coupe du Monde 2026 (USA\u2013Canada\u2013Mexique) \u2013 Personnalisable (Flocage Gratuit)"},"content":{"rendered":"<h2 data-start=\"3143\" data-end=\"3240\">\ud83c\udde9\ud83c\uddff <strong data-start=\"3151\" data-end=\"3240\">Maillot Domicile Alg\u00e9rie \u2013 Coupe du Monde 2026 (USA\u2013Canada\u2013Mexique) \u2013 Personnalisable<\/strong><\/h2>\n<h3 data-start=\"3242\" data-end=\"3285\"><strong data-start=\"3246\" data-end=\"3285\">Prix : 49,99 \u20ac \u2013 Livraison gratuite<\/strong><\/h3>\n<p data-start=\"3287\" data-end=\"3487\">Soutenez les Fennecs avec ce <strong data-start=\"3316\" data-end=\"3364\">maillot domicile Alg\u00e9rie Coupe du Monde 2026<\/strong>, inspir\u00e9 du design port\u00e9 par la s\u00e9lection alg\u00e9rienne pour le tournoi organis\u00e9 aux <strong data-start=\"3447\" data-end=\"3486\">\u00c9tats-Unis, au Canada et au Mexique<\/strong>.<\/p>\n<p data-start=\"3489\" data-end=\"3659\">Ce maillot est <strong data-start=\"3504\" data-end=\"3575\">enti\u00e8rement personnalisable avec le nom et le num\u00e9ro de votre choix<\/strong>. Il convient aux supporters, joueurs amateurs, collectionneurs et fans de football.<\/p>\n<p data-start=\"3661\" data-end=\"3816\">\ud83c\udfa5 <strong data-start=\"3664\" data-end=\"3712\">Qualit\u00e9 v\u00e9rifi\u00e9e sur YouTube : Dynamicshotfr<\/strong><br data-start=\"3712\" data-end=\"3715\" \/>D\u00e9couvrez nos unboxings et tests produits en vid\u00e9o. Abonnez-vous \u2014 nous faisons gagner des maillots !<\/p>\n<p data-start=\"3818\" data-end=\"3980\">\ud83d\udc99 <strong data-start=\"3821\" data-end=\"3845\">Engagement solidaire<\/strong><br data-start=\"3845\" data-end=\"3848\" \/>Pour chaque maillot achet\u00e9, <strong data-start=\"3876\" data-end=\"3925\">5 \u20ac sont revers\u00e9s \u00e0 l\u2019association EBA Salomon<\/strong> (actions humanitaires en France et \u00e0 l\u2019international).<\/p>\n<hr data-start=\"3982\" data-end=\"3985\" \/>\n<h2 data-start=\"3987\" data-end=\"4020\">\ud83d\udc55 Caract\u00e9ristiques du maillot<\/h2>\n<ul data-start=\"4022\" data-end=\"4367\">\n<li data-start=\"4022\" data-end=\"4061\">\n<p data-start=\"4024\" data-end=\"4061\">Tissu <strong data-start=\"4030\" data-end=\"4059\">100 % polyester respirant<\/strong><\/p>\n<\/li>\n<li data-start=\"4062\" data-end=\"4095\">\n<p data-start=\"4064\" data-end=\"4095\">Mati\u00e8re l\u00e9g\u00e8re et confortable<\/p>\n<\/li>\n<li data-start=\"4096\" data-end=\"4134\">\n<p data-start=\"4098\" data-end=\"4134\">Technologie <strong data-start=\"4110\" data-end=\"4132\">anti-transpiration<\/strong><\/p>\n<\/li>\n<li data-start=\"4135\" data-end=\"4206\">\n<p data-start=\"4137\" data-end=\"4206\"><strong data-start=\"4137\" data-end=\"4182\">Flocage professionnel r\u00e9sistant au lavage<\/strong> (nom + num\u00e9ro inclus)<\/p>\n<\/li>\n<li data-start=\"4207\" data-end=\"4256\">\n<p data-start=\"4209\" data-end=\"4256\">Design fid\u00e8le inspir\u00e9 du maillot Alg\u00e9rie 2026<\/p>\n<\/li>\n<li data-start=\"4257\" data-end=\"4323\">\n<p data-start=\"4259\" data-end=\"4323\">Tailles : <strong data-start=\"4269\" data-end=\"4321\">enfants et adultes (S, M, L, XL, XXL \u2013 unisexes)<\/strong><\/p>\n<\/li>\n<li data-start=\"4324\" data-end=\"4367\">\n<p data-start=\"4326\" data-end=\"4367\">Article <strong data-start=\"4334\" data-end=\"4342\">neuf<\/strong>, soigneusement emball\u00e9<\/p>\n<\/li>\n<\/ul>\n<hr data-start=\"4369\" data-end=\"4372\" \/>\n<h2 data-start=\"4374\" data-end=\"4403\">\u270d\ufe0f Comment personnaliser ?<\/h2>\n<p data-start=\"4405\" data-end=\"4441\">Apr\u00e8s votre commande, envoyez-nous :<\/p>\n<ul data-start=\"4442\" data-end=\"4524\">\n<li data-start=\"4442\" data-end=\"4466\">\n<p data-start=\"4444\" data-end=\"4466\">Le <strong data-start=\"4447\" data-end=\"4454\">nom<\/strong> \u00e0 floquer<\/p>\n<\/li>\n<li data-start=\"4467\" data-end=\"4493\">\n<p data-start=\"4469\" data-end=\"4493\">Le <strong data-start=\"4472\" data-end=\"4482\">num\u00e9ro<\/strong> souhait\u00e9<\/p>\n<\/li>\n<li data-start=\"4494\" data-end=\"4524\">\n<p data-start=\"4496\" data-end=\"4524\">Votre <strong data-start=\"4502\" data-end=\"4522\">taille (S \u00e0 XXL)<\/strong><\/p>\n<\/li>\n<\/ul>\n<p data-start=\"4526\" data-end=\"4595\">\ud83d\udce6 <strong data-start=\"4529\" data-end=\"4561\">Production : jusqu\u2019\u00e0 7 jours<\/strong>, puis envoi avec <strong data-start=\"4579\" data-end=\"4594\">suivi colis<\/strong>.<\/p>\n<hr data-start=\"4597\" data-end=\"4600\" \/>\n<h2 data-start=\"4602\" data-end=\"4617\">\ud83d\ude9a Livraison<\/h2>\n<ul data-start=\"4619\" data-end=\"4783\">\n<li data-start=\"4619\" data-end=\"4666\">\n<p data-start=\"4621\" data-end=\"4666\"><strong data-start=\"4621\" data-end=\"4664\">Livraison gratuite dans le monde entier<\/strong><\/p>\n<\/li>\n<li data-start=\"4667\" data-end=\"4682\">\n<p data-start=\"4669\" data-end=\"4682\">Colis suivi<\/p>\n<\/li>\n<li data-start=\"4683\" data-end=\"4724\">\n<p data-start=\"4685\" data-end=\"4724\"><strong data-start=\"4685\" data-end=\"4722\">D\u00e9lai estim\u00e9 : 20\u201330 jours ouvr\u00e9s<\/strong><\/p>\n<\/li>\n<li data-start=\"4725\" data-end=\"4783\">\n<p data-start=\"4727\" data-end=\"4783\">Fabrication \u00e0 la commande dans notre atelier partenaire.<\/p>\n<\/li>\n<\/ul>\n<hr data-start=\"4785\" data-end=\"4788\" \/>\n<h2 data-start=\"4790\" data-end=\"4815\">\ud83d\udcb3 Paiement &amp; garantie<\/h2>\n<ul data-start=\"4817\" data-end=\"4979\">\n<li data-start=\"4817\" data-end=\"4838\">\n<p data-start=\"4819\" data-end=\"4838\">Paiement s\u00e9curis\u00e9<\/p>\n<\/li>\n<li data-start=\"4839\" data-end=\"4873\">\n<p data-start=\"4841\" data-end=\"4873\">Service client disponible 7j\/7<\/p>\n<\/li>\n<li data-start=\"4874\" data-end=\"4979\">\n<p data-start=\"4876\" data-end=\"4979\"><strong data-start=\"4876\" data-end=\"4979\">Remboursement possible en cas d\u2019erreur de flocage, de taille ou d\u00e9faut produit (retour n\u00e9cessaire).<\/strong><\/p>\n<\/li>\n<\/ul>\n<p data-start=\"4981\" data-end=\"5037\">\u26a0\ufe0f Articles personnalis\u00e9s non remboursables hors erreur.<\/p>\n<hr data-start=\"5039\" data-end=\"5042\" \/>\n<h2 data-start=\"5044\" data-end=\"5079\">\u2b50 Pourquoi choisir Dynamicshot ?<\/h2>\n<ul data-start=\"5081\" data-end=\"5274\">\n<li data-start=\"5081\" data-end=\"5133\">\n<p data-start=\"5083\" data-end=\"5133\">Boutique tenue par un passionn\u00e9 depuis <strong data-start=\"5122\" data-end=\"5131\">3 ans<\/strong><\/p>\n<\/li>\n<li data-start=\"5134\" data-end=\"5171\">\n<p data-start=\"5136\" data-end=\"5171\"><strong data-start=\"5136\" data-end=\"5169\">+95 % de satisfaction clients<\/strong><\/p>\n<\/li>\n<li data-start=\"5172\" data-end=\"5201\">\n<p data-start=\"5174\" data-end=\"5201\">Personnalisation compl\u00e8te<\/p>\n<\/li>\n<li data-start=\"5202\" data-end=\"5248\">\n<p data-start=\"5204\" data-end=\"5248\">Prix juste : <strong data-start=\"5217\" data-end=\"5246\">49,99 \u20ac livraison incluse<\/strong><\/p>\n<\/li>\n<li data-start=\"5249\" data-end=\"5274\">\n<p data-start=\"5251\" data-end=\"5274\">Soutien \u00e0 EBA Salomon<\/p>\n<\/li>\n<\/ul>\n<p data-start=\"5276\" data-end=\"5447\">Bonjour,<br data-start=\"5284\" data-end=\"5287\" \/>Je suis <strong data-start=\"5295\" data-end=\"5303\">Yves<\/strong>, fondateur de Dynamicshot. Mon objectif est de rendre le football accessible \u00e0 tous avec des maillots personnalis\u00e9s, qualitatifs et abordables.<\/p>\n<p data-start=\"5276\" data-end=\"5447\">maillot algerie 2026, maillot equipe algerie 2026, maillot algerie coupe du monde 2026,<br \/>\nmaillot domicile algerie 2026, maillot foot algerie personnalis\u00e9,<br \/>\nmaillot algerie personnalis\u00e9 nom num\u00e9ro, jersey algerie 2026,<br \/>\nmaillot supporter algerie, cadeau fan foot algerie,<br \/>\nmaillot football personnalis\u00e9, dynamicshot maillot algerie<\/p>\n","protected":false},"excerpt":{"rendered":"<p>le nouveau maillot du <b style=\"font-weight: 400;\">Equipe\u00a0Alg\u00e9rie <\/b><\/p>\n","protected":false},"featured_media":7026,"comment_status":"open","ping_status":"closed","template":"","meta":{"om_disable_all_campaigns":false,"_monsterinsights_skip_tracking":false,"_monsterinsights_sitenote_active":false,"_monsterinsights_sitenote_note":"","_monsterinsights_sitenote_category":0},"product_brand":[],"product_cat":[171,42,45,35,41],"product_tag":[465,172,466],"class_list":{"0":"post-2317","1":"product","2":"type-product","3":"status-publish","4":"has-post-thumbnail","6":"product_cat-algerie","7":"product_cat-equipes-nationales","8":"product_cat-equipes-nationales-afrique","9":"product_cat-football","10":"product_cat-maillots","11":"product_tag-coupe-du-monde-2026","12":"product_tag-equipe-algerie","13":"product_tag-world-cup-2026","14":"has-post-title","15":"has-post-date","16":"has-post-category","17":"has-post-tag","18":"has-post-comment","19":"has-post-author","20":"","21":"wcpa_has_options","23":"first","24":"instock","25":"shipping-taxable","26":"purchasable","27":"product-type-variable"},"aioseo_notices":[],"builder_content":"","_links":{"self":[{"href":"https:\/\/dynamicshot.fr\/index.php?rest_route=\/wp\/v2\/product\/2317","targetHints":{"allow":["GET"]}}],"collection":[{"href":"https:\/\/dynamicshot.fr\/index.php?rest_route=\/wp\/v2\/product"}],"about":[{"href":"https:\/\/dynamicshot.fr\/index.php?rest_route=\/wp\/v2\/types\/product"}],"replies":[{"embeddable":true,"href":"https:\/\/dynamicshot.fr\/index.php?rest_route=%2Fwp%2Fv2%2Fcomments&post=2317"}],"wp:featuredmedia":[{"embeddable":true,"href":"https:\/\/dynamicshot.fr\/index.php?rest_route=\/wp\/v2\/media\/7026"}],"wp:attachment":[{"href":"https:\/\/dynamicshot.fr\/index.php?rest_route=%2Fwp%2Fv2%2Fmedia&parent=2317"}],"wp:term":[{"taxonomy":"product_brand","embeddable":true,"href":"https:\/\/dynamicshot.fr\/index.php?rest_route=%2Fwp%2Fv2%2Fproduct_brand&post=2317"},{"taxonomy":"product_cat","embeddable":true,"href":"https:\/\/dynamicshot.fr\/index.php?rest_route=%2Fwp%2Fv2%2Fproduct_cat&post=2317"},{"taxonomy":"product_tag","embeddable":true,"href":"https:\/\/dynamicshot.fr\/index.php?rest_route=%2Fwp%2Fv2%2Fproduct_tag&post=2317"}],"curies":[{"name":"wp","href":"https:\/\/api.w.org\/{rel}","templated":true}]}}