{"id":2809,"date":"2023-12-23T19:52:00","date_gmt":"2023-12-23T18:52:00","guid":{"rendered":"https:\/\/dynamicshot.fr\/?post_type=product&#038;p=2809"},"modified":"2026-01-31T16:56:14","modified_gmt":"2026-01-31T15:56:14","slug":"maillot-domicile-equipe-daustralie-2023-2024-adulte-enfant-flocage-gratuit","status":"publish","type":"product","link":"https:\/\/dynamicshot.fr\/?product=maillot-domicile-equipe-daustralie-2023-2024-adulte-enfant-flocage-gratuit","title":{"rendered":"Maillot Domicile Australie \u2013 Coupe du Monde 2026 (USA\u2013Canada\u2013Mexique) \u2013 Personnalisable (Flocage Gratuit)"},"content":{"rendered":"<h2 data-start=\"2907\" data-end=\"3006\">\ud83c\udde6\ud83c\uddfa <strong data-start=\"2915\" data-end=\"3006\">Maillot Domicile Australie \u2013 Coupe du Monde 2026 (USA\u2013Canada\u2013Mexique) \u2013 Personnalisable<\/strong><\/h2>\n<h3 data-start=\"3008\" data-end=\"3051\"><strong data-start=\"3012\" data-end=\"3051\">Prix : 49,99 \u20ac \u2013 Livraison gratuite<\/strong><\/h3>\n<p data-start=\"3053\" data-end=\"3263\">Soutenez les <strong data-start=\"3066\" data-end=\"3079\">Socceroos<\/strong> avec ce <strong data-start=\"3088\" data-end=\"3138\">maillot domicile Australie Coupe du Monde 2026<\/strong>, inspir\u00e9 du design port\u00e9 par la s\u00e9lection australienne pour le tournoi organis\u00e9 aux <strong data-start=\"3223\" data-end=\"3262\">\u00c9tats-Unis, au Canada et au Mexique<\/strong>.<\/p>\n<p data-start=\"3265\" data-end=\"3435\">Ce maillot est <strong data-start=\"3280\" data-end=\"3351\">enti\u00e8rement personnalisable avec le nom et le num\u00e9ro de votre choix<\/strong>. Il convient aux supporters, joueurs amateurs, collectionneurs et fans de football.<\/p>\n<p data-start=\"3437\" data-end=\"3592\">\ud83c\udfa5 <strong data-start=\"3440\" data-end=\"3488\">Qualit\u00e9 v\u00e9rifi\u00e9e sur YouTube : Dynamicshotfr<\/strong><br data-start=\"3488\" data-end=\"3491\" \/>D\u00e9couvrez nos unboxings et tests produits en vid\u00e9o. Abonnez-vous \u2014 nous faisons gagner des maillots !<\/p>\n<p data-start=\"3594\" data-end=\"3756\">\ud83d\udc99 <strong data-start=\"3597\" data-end=\"3621\">Engagement solidaire<\/strong><br data-start=\"3621\" data-end=\"3624\" \/>Pour chaque maillot achet\u00e9, <strong data-start=\"3652\" data-end=\"3701\">5 \u20ac sont revers\u00e9s \u00e0 l\u2019association EBA Salomon<\/strong> (actions humanitaires en France et \u00e0 l\u2019international).<\/p>\n<hr data-start=\"3758\" data-end=\"3761\" \/>\n<h2 data-start=\"3763\" data-end=\"3796\">\ud83d\udc55 Caract\u00e9ristiques du maillot<\/h2>\n<ul data-start=\"3798\" data-end=\"4145\">\n<li data-start=\"3798\" data-end=\"3837\">\n<p data-start=\"3800\" data-end=\"3837\">Tissu <strong data-start=\"3806\" data-end=\"3835\">100 % polyester respirant<\/strong><\/p>\n<\/li>\n<li data-start=\"3838\" data-end=\"3871\">\n<p data-start=\"3840\" data-end=\"3871\">Mati\u00e8re l\u00e9g\u00e8re et confortable<\/p>\n<\/li>\n<li data-start=\"3872\" data-end=\"3910\">\n<p data-start=\"3874\" data-end=\"3910\">Technologie <strong data-start=\"3886\" data-end=\"3908\">anti-transpiration<\/strong><\/p>\n<\/li>\n<li data-start=\"3911\" data-end=\"3982\">\n<p data-start=\"3913\" data-end=\"3982\"><strong data-start=\"3913\" data-end=\"3958\">Flocage professionnel r\u00e9sistant au lavage<\/strong> (nom + num\u00e9ro inclus)<\/p>\n<\/li>\n<li data-start=\"3983\" data-end=\"4034\">\n<p data-start=\"3985\" data-end=\"4034\">Design fid\u00e8le inspir\u00e9 du maillot Australie 2026<\/p>\n<\/li>\n<li data-start=\"4035\" data-end=\"4101\">\n<p data-start=\"4037\" data-end=\"4101\">Tailles : <strong data-start=\"4047\" data-end=\"4099\">enfants et adultes (S, M, L, XL, XXL \u2013 unisexes)<\/strong><\/p>\n<\/li>\n<li data-start=\"4102\" data-end=\"4145\">\n<p data-start=\"4104\" data-end=\"4145\">Article <strong data-start=\"4112\" data-end=\"4120\">neuf<\/strong>, soigneusement emball\u00e9<\/p>\n<\/li>\n<\/ul>\n<hr data-start=\"4147\" data-end=\"4150\" \/>\n<h2 data-start=\"4152\" data-end=\"4181\">\u270d\ufe0f Comment personnaliser ?<\/h2>\n<p data-start=\"4183\" data-end=\"4219\">Apr\u00e8s votre commande, envoyez-nous :<\/p>\n<ul data-start=\"4220\" data-end=\"4302\">\n<li data-start=\"4220\" data-end=\"4244\">\n<p data-start=\"4222\" data-end=\"4244\">Le <strong data-start=\"4225\" data-end=\"4232\">nom<\/strong> \u00e0 floquer<\/p>\n<\/li>\n<li data-start=\"4245\" data-end=\"4271\">\n<p data-start=\"4247\" data-end=\"4271\">Le <strong data-start=\"4250\" data-end=\"4260\">num\u00e9ro<\/strong> souhait\u00e9<\/p>\n<\/li>\n<li data-start=\"4272\" data-end=\"4302\">\n<p data-start=\"4274\" data-end=\"4302\">Votre <strong data-start=\"4280\" data-end=\"4300\">taille (S \u00e0 XXL)<\/strong><\/p>\n<\/li>\n<\/ul>\n<p data-start=\"4304\" data-end=\"4373\">\ud83d\udce6 <strong data-start=\"4307\" data-end=\"4339\">Production : jusqu\u2019\u00e0 7 jours<\/strong>, puis envoi avec <strong data-start=\"4357\" data-end=\"4372\">suivi colis<\/strong>.<\/p>\n<hr data-start=\"4375\" data-end=\"4378\" \/>\n<h2 data-start=\"4380\" data-end=\"4395\">\ud83d\ude9a Livraison<\/h2>\n<ul data-start=\"4397\" data-end=\"4561\">\n<li data-start=\"4397\" data-end=\"4444\">\n<p data-start=\"4399\" data-end=\"4444\"><strong data-start=\"4399\" data-end=\"4442\">Livraison gratuite dans le monde entier<\/strong><\/p>\n<\/li>\n<li data-start=\"4445\" data-end=\"4460\">\n<p data-start=\"4447\" data-end=\"4460\">Colis suivi<\/p>\n<\/li>\n<li data-start=\"4461\" data-end=\"4502\">\n<p data-start=\"4463\" data-end=\"4502\"><strong data-start=\"4463\" data-end=\"4500\">D\u00e9lai estim\u00e9 : 20\u201330 jours ouvr\u00e9s<\/strong><\/p>\n<\/li>\n<li data-start=\"4503\" data-end=\"4561\">\n<p data-start=\"4505\" data-end=\"4561\">Fabrication \u00e0 la commande dans notre atelier partenaire.<\/p>\n<\/li>\n<\/ul>\n<hr data-start=\"4563\" data-end=\"4566\" \/>\n<h2 data-start=\"4568\" data-end=\"4593\">\ud83d\udcb3 Paiement &amp; garantie<\/h2>\n<ul data-start=\"4595\" data-end=\"4757\">\n<li data-start=\"4595\" data-end=\"4616\">\n<p data-start=\"4597\" data-end=\"4616\">Paiement s\u00e9curis\u00e9<\/p>\n<\/li>\n<li data-start=\"4617\" data-end=\"4651\">\n<p data-start=\"4619\" data-end=\"4651\">Service client disponible 7j\/7<\/p>\n<\/li>\n<li data-start=\"4652\" data-end=\"4757\">\n<p data-start=\"4654\" data-end=\"4757\"><strong data-start=\"4654\" data-end=\"4757\">Remboursement possible en cas d\u2019erreur de flocage, de taille ou d\u00e9faut produit (retour n\u00e9cessaire).<\/strong><\/p>\n<\/li>\n<\/ul>\n<p data-start=\"4759\" data-end=\"4815\">\u26a0\ufe0f Articles personnalis\u00e9s non remboursables hors erreur.<\/p>\n<hr data-start=\"4817\" data-end=\"4820\" \/>\n<h2 data-start=\"4822\" data-end=\"4857\">\u2b50 Pourquoi choisir Dynamicshot ?<\/h2>\n<ul data-start=\"4859\" data-end=\"5052\">\n<li data-start=\"4859\" data-end=\"4911\">\n<p data-start=\"4861\" data-end=\"4911\">Boutique tenue par un passionn\u00e9 depuis <strong data-start=\"4900\" data-end=\"4909\">3 ans<\/strong><\/p>\n<\/li>\n<li data-start=\"4912\" data-end=\"4949\">\n<p data-start=\"4914\" data-end=\"4949\"><strong data-start=\"4914\" data-end=\"4947\">+95 % de satisfaction clients<\/strong><\/p>\n<\/li>\n<li data-start=\"4950\" data-end=\"4979\">\n<p data-start=\"4952\" data-end=\"4979\">Personnalisation compl\u00e8te<\/p>\n<\/li>\n<li data-start=\"4980\" data-end=\"5026\">\n<p data-start=\"4982\" data-end=\"5026\">Prix juste : <strong data-start=\"4995\" data-end=\"5024\">49,99 \u20ac livraison incluse<\/strong><\/p>\n<\/li>\n<li data-start=\"5027\" data-end=\"5052\">\n<p data-start=\"5029\" data-end=\"5052\">Soutien \u00e0 EBA Salomon<\/p>\n<\/li>\n<\/ul>\n<p data-start=\"5054\" data-end=\"5225\">Bonjour,<br data-start=\"5062\" data-end=\"5065\" \/>Je suis <strong data-start=\"5073\" data-end=\"5081\">Yves<\/strong>, fondateur de Dynamicshot. Mon objectif est de rendre le football accessible \u00e0 tous avec des maillots personnalis\u00e9s, qualitatifs et abordables.<\/p>\n<p data-start=\"5054\" data-end=\"5225\">maillot australie 2026, maillot equipe australie 2026, maillot australie coupe du monde 2026,<br \/>\nmaillot domicile australie 2026, maillot foot australie personnalis\u00e9,<br \/>\nmaillot australie personnalis\u00e9 nom num\u00e9ro, jersey australie 2026,<br \/>\nmaillot supporter australie, cadeau fan foot australie,<br \/>\nmaillot football personnalis\u00e9, dynamicshot maillot australie<\/p>\n","protected":false},"excerpt":{"rendered":"<p>le nouveau maillot de\u00a0<strong>l\u2019\u00e9quipe d&rsquo;Australie\u00a0<\/strong><\/p>\n","protected":false},"featured_media":7600,"comment_status":"open","ping_status":"closed","template":"","meta":{"om_disable_all_campaigns":false,"_monsterinsights_skip_tracking":false,"_monsterinsights_sitenote_active":false,"_monsterinsights_sitenote_note":"","_monsterinsights_sitenote_category":0},"product_brand":[],"product_cat":[198,42,48,35,41],"product_tag":[465,199,466],"class_list":{"0":"post-2809","1":"product","2":"type-product","3":"status-publish","4":"has-post-thumbnail","6":"product_cat-australie","7":"product_cat-equipes-nationales","8":"product_cat-equipes-nationales-oceanie","9":"product_cat-football","10":"product_cat-maillots","11":"product_tag-coupe-du-monde-2026","12":"product_tag-equipe-australie","13":"product_tag-world-cup-2026","14":"has-post-title","15":"has-post-date","16":"has-post-category","17":"has-post-tag","18":"has-post-comment","19":"has-post-author","20":"","21":"wcpa_has_options","23":"first","24":"instock","25":"shipping-taxable","26":"purchasable","27":"product-type-variable"},"aioseo_notices":[],"builder_content":"","_links":{"self":[{"href":"https:\/\/dynamicshot.fr\/index.php?rest_route=\/wp\/v2\/product\/2809","targetHints":{"allow":["GET"]}}],"collection":[{"href":"https:\/\/dynamicshot.fr\/index.php?rest_route=\/wp\/v2\/product"}],"about":[{"href":"https:\/\/dynamicshot.fr\/index.php?rest_route=\/wp\/v2\/types\/product"}],"replies":[{"embeddable":true,"href":"https:\/\/dynamicshot.fr\/index.php?rest_route=%2Fwp%2Fv2%2Fcomments&post=2809"}],"wp:featuredmedia":[{"embeddable":true,"href":"https:\/\/dynamicshot.fr\/index.php?rest_route=\/wp\/v2\/media\/7600"}],"wp:attachment":[{"href":"https:\/\/dynamicshot.fr\/index.php?rest_route=%2Fwp%2Fv2%2Fmedia&parent=2809"}],"wp:term":[{"taxonomy":"product_brand","embeddable":true,"href":"https:\/\/dynamicshot.fr\/index.php?rest_route=%2Fwp%2Fv2%2Fproduct_brand&post=2809"},{"taxonomy":"product_cat","embeddable":true,"href":"https:\/\/dynamicshot.fr\/index.php?rest_route=%2Fwp%2Fv2%2Fproduct_cat&post=2809"},{"taxonomy":"product_tag","embeddable":true,"href":"https:\/\/dynamicshot.fr\/index.php?rest_route=%2Fwp%2Fv2%2Fproduct_tag&post=2809"}],"curies":[{"name":"wp","href":"https:\/\/api.w.org\/{rel}","templated":true}]}}