{"id":4368,"date":"2024-01-11T19:31:23","date_gmt":"2024-01-11T18:31:23","guid":{"rendered":"https:\/\/dynamicshot.fr\/?post_type=product&#038;p=4368"},"modified":"2024-01-11T20:40:06","modified_gmt":"2024-01-11T19:40:06","slug":"adidas-barricade","status":"publish","type":"product","link":"https:\/\/dynamicshot.fr\/?product=adidas-barricade","title":{"rendered":"Adidas barricade"},"content":{"rendered":"<p>Contr\u00f4lez votre jeu de jambes et votre adversaire avec la chaussure de tennis adidas Barricade en Lucid Blue\/Core Black\/Solar Red, la nouvelle g\u00e9n\u00e9ration de la chaussure de stabilit\u00e9 la plus populaire.<br \/>\nLa Barricade est de retour. Avec la nouvelle g\u00e9n\u00e9ration de chaussures de tennis, la chaussure de stabilit\u00e9 pr\u00e9f\u00e9r\u00e9e de tous revient sous la forme de l&rsquo;adidas Barricade 12.<\/p>\n<p>Con\u00e7ue pour la glisse et le broyage incessants du jeu d&rsquo;aujourd&rsquo;hui, la nouvelle Barricade red\u00e9finit le soutien et la durabilit\u00e9 pour r\u00e9pondre aux exigences du joueur moderne.<\/p>\n<p>La Barricade 12 est l&rsquo;expression ultime du contr\u00f4le, avec une tige Torsion System 3D-engineered qui assure une transition fluide entre le talon et les orteils, quel que soit le type de mouvement agile.<\/p>\n<p>Au niveau des lacets, l&rsquo;\u0153illet est soud\u00e9 et renforc\u00e9 pour \u00e9viter tout glissement, et sur le c\u00f4t\u00e9 m\u00e9dial, la tige entoure le dessus du pied pour une protection et une durabilit\u00e9 accrues.<\/p>\n<p>La durabilit\u00e9 de l&rsquo;ensemble de la chaussure a \u00e9t\u00e9 am\u00e9lior\u00e9e, avec une r\u00e9sistance \u00e0 l&rsquo;abrasion Adituff qui prot\u00e8ge les orteils et une semelle ext\u00e9rieure Adiwear 2.0 extr\u00eamement r\u00e9sistante qui offre une traction durable sous le pied. M\u00eame les lettres \u00ab\u00a0adidas\u00a0\u00bb sur le<\/p>\n<p>sur le c\u00f4t\u00e9 de la chaussure sont faites d&rsquo;un mat\u00e9riau anti-abrasion.<br \/>\nPour plus de confort, le syst\u00e8me Geofit au niveau du talon comprend des coussinets anatomiques qui s&rsquo;adaptent parfaitement \u00e0 la forme naturelle du pied en comblant les espaces pour un ajustement parfait<\/p>\n<p>La languette en n\u00e9opr\u00e8ne est perfor\u00e9e pour garder vos pieds au frais pendant les sessions prolong\u00e9es. La semelle interm\u00e9diaire wrhile Bounce absorbe les forces d&rsquo;impact et restitue l&rsquo;\u00e9nergie pour des acc\u00e9l\u00e9rations rapides.<\/p>\n<p>La chaussure de tennis Adidas Barricade est un choix renomm\u00e9 parmi les joueurs de tennis, connue pour ses performances exceptionnelles et sa durabilit\u00e9 sur le court. Con\u00e7ue pour r\u00e9sister aux exigences rigoureuses du jeu, la Barricade est dot\u00e9e d&rsquo;une construction stable qui offre un excellent soutien lat\u00e9ral lors des mouvements rapides et des changements de direction.<br \/>\nLa chaussure de tennis Barricade est dot\u00e9e d&rsquo;une construction stable qui offre un excellent soutien lat\u00e9ral lors des mouvements rapides et des changements de direction. La technologie d&rsquo;amorti de la chaussure garantit le confort et l&rsquo;absorption des impacts, r\u00e9duisant la tension sur les articulations et am\u00e9liorant le confort g\u00e9n\u00e9ral pendant les matchs intenses.<\/p>\n<p>et am\u00e9liore le confort g\u00e9n\u00e9ral pendant les matchs intenses. Gr\u00e2ce \u00e0 sa semelle ext\u00e9rieure durable et \u00e0 son adh\u00e9rence sup\u00e9rieure, la Barricade offre une prise fiable sur les diff\u00e9rentes surfaces du court. Que vous soyez un professionnel ou un amateur enthousiaste, la chaussure de tennis<\/p>\n<p>Adidas Barricade est un compagnon fiable pour votre voyage au tennis,<\/p>\n<p>&nbsp;<\/p>\n<p>&nbsp;<\/p>\n<p>adidas<\/p>\n<p>L&rsquo;histoire des chaussures de tennis adidas modernes remonte \u00e0 1963, lorsque la marque aux trois bandes a lanc\u00e9 la premi\u00e8re chaussure en cuir jamais vue sur un court de tennis<\/p>\n<p>D\u00e9fendue par Horst, le fils du fondateur de l&rsquo;entreprise Adi Dassler, la construction robuste de la chaussure s&rsquo;\u00e9loignait consid\u00e9rablement des traditionnelles semelles en toile que la marque avait produites par le pass\u00e9.<\/p>\n<p>La plupart des joueurs de l&rsquo;\u00e9poque choisissaient toujours des chaussures \u00e0 semelles compens\u00e9es, mais les choses ont rapidement chang\u00e9 lorsqu&rsquo;Adi a recrut\u00e9 le joueur professionnel fran\u00e7ais Robert Hail pour lui montrer le potentiel de la chaussure.<\/p>\n<p>pour montrer le potentiel de la chaussure au monde entier.<\/p>\n<p>Le joueur fran\u00e7ais Robert Hail + a \u00e9t\u00e9 choisi pour porter leur nouvelle cr\u00e9ation, en inscrivant son visage sur la languette et en envoyant le logo de la marque sur la chaussure.<\/p>\n<p>Cela vous rappelle quelque chose ? C&rsquo;est exact, la Haillet est devenue la l\u00e9gendaire Stan Smith, l&rsquo;Am\u00e9ricain rempla\u00e7ant le Fran\u00e7ais qui venait de prendre sa retraite en 1971<\/p>\n<p>Depuis lors, adidas n&rsquo;a cess\u00e9 d&rsquo;innover et de faire appel \u00e0 des stars. Des chaussures sign\u00e9es Rod Laver et Bilie Jean King aux partenariats de design avec Stella McCartney et Pharrell<\/p>\n<p>Williams, adidas a toujours \u00e9tabli la norme en mati\u00e8re de performance et de style<\/p>\n","protected":false},"excerpt":{"rendered":"<p>Adidas barricade<\/p>\n<p>&nbsp;<\/p>\n","protected":false},"featured_media":4369,"comment_status":"open","ping_status":"closed","template":"","meta":{"om_disable_all_campaigns":false,"_monsterinsights_skip_tracking":false,"_monsterinsights_sitenote_active":false,"_monsterinsights_sitenote_note":"","_monsterinsights_sitenote_category":0},"product_brand":[],"product_cat":[326,327,39],"product_tag":[330],"class_list":{"0":"post-4368","1":"product","2":"type-product","3":"status-publish","4":"has-post-thumbnail","6":"product_cat-chaussures","7":"product_cat-hommes","8":"product_cat-tennis","9":"product_tag-chaussures-de-tennis","10":"has-post-title","11":"has-post-date","12":"has-post-category","13":"has-post-tag","14":"has-post-comment","15":"has-post-author","16":"","18":"first","19":"instock","20":"shipping-taxable","21":"purchasable","22":"product-type-variable"},"aioseo_notices":[],"builder_content":"","_links":{"self":[{"href":"https:\/\/dynamicshot.fr\/index.php?rest_route=\/wp\/v2\/product\/4368","targetHints":{"allow":["GET"]}}],"collection":[{"href":"https:\/\/dynamicshot.fr\/index.php?rest_route=\/wp\/v2\/product"}],"about":[{"href":"https:\/\/dynamicshot.fr\/index.php?rest_route=\/wp\/v2\/types\/product"}],"replies":[{"embeddable":true,"href":"https:\/\/dynamicshot.fr\/index.php?rest_route=%2Fwp%2Fv2%2Fcomments&post=4368"}],"wp:featuredmedia":[{"embeddable":true,"href":"https:\/\/dynamicshot.fr\/index.php?rest_route=\/wp\/v2\/media\/4369"}],"wp:attachment":[{"href":"https:\/\/dynamicshot.fr\/index.php?rest_route=%2Fwp%2Fv2%2Fmedia&parent=4368"}],"wp:term":[{"taxonomy":"product_brand","embeddable":true,"href":"https:\/\/dynamicshot.fr\/index.php?rest_route=%2Fwp%2Fv2%2Fproduct_brand&post=4368"},{"taxonomy":"product_cat","embeddable":true,"href":"https:\/\/dynamicshot.fr\/index.php?rest_route=%2Fwp%2Fv2%2Fproduct_cat&post=4368"},{"taxonomy":"product_tag","embeddable":true,"href":"https:\/\/dynamicshot.fr\/index.php?rest_route=%2Fwp%2Fv2%2Fproduct_tag&post=4368"}],"curies":[{"name":"wp","href":"https:\/\/api.w.org\/{rel}","templated":true}]}}