{"id":4420,"date":"2024-01-11T19:59:00","date_gmt":"2024-01-11T18:59:00","guid":{"rendered":"https:\/\/dynamicshot.fr\/?post_type=product&#038;p=4420"},"modified":"2024-01-11T20:39:48","modified_gmt":"2024-01-11T19:39:48","slug":"adidas-adizero-cybersonic-copie","status":"publish","type":"product","link":"https:\/\/dynamicshot.fr\/?product=adidas-adizero-cybersonic-copie","title":{"rendered":"Nike Court Zoom NXT"},"content":{"rendered":"<p>Chaussures de tennis Nike Court Zoom NXT<\/p>\n<p>Am\u00e9liorez votre jeu en portant les chaussures de tennis Nike Court Zoom NXT HC en Obsidian\/Hyper Pink-Green Glow-White, dot\u00e9es d&rsquo;une technologie innovante :<br \/>\nQuel est le moyen le plus simple d&rsquo;am\u00e9liorer votre pourcentage de service ? C&rsquo;est simple : frappez la balle plus haut<\/p>\n<p>L&rsquo;amorti Zoom Air \u00e0 l&rsquo;avant-pied vous propulse plus haut lorsque vous servez.<br \/>\nLa Nike Court Zoom NXT vous aide \u00e0 faire exactement cela, en utilisant une combinaison intelligente d&rsquo;une plaque de propulsion et d&rsquo;un amorti Zoom Air qui restitue l&rsquo;\u00e9nergie. Lorsque vous vous \u00e9lancez pour servir, la plaque comprime l&rsquo;unit\u00e9 Zoom Air, qui r\u00e9agit en vous lan\u00e7ant vers le haut.<br \/>\nr\u00e9pond en vous lan\u00e7ant vers le haut, ce qui vous permet d&rsquo;atteindre la balle plus haut que jamais.<\/p>\n<p>Une position de service plus \u00e9lev\u00e9e signifie plus d&rsquo;options, plus de r\u00e9gularit\u00e9 et, statistiquement, plus de chances de gagner. Il s&rsquo;agit d&rsquo;un v\u00e9ritable avantage concurrentiel &#8211; il n&rsquo;est pas \u00e9tonnant que les professionnels de Nike aient fait la queue pour des tests de jeu.<\/p>\n<p>Ailleurs, la Court Zoom NXT se montre \u00e0 la hauteur de son statut de chaussure de nouvelle g\u00e9n\u00e9ration avec une tige en mesh l\u00e9ger et une section de talon basse et moelleuse qui fournit un blocage et un soutien sans vous g\u00eaner.<\/p>\n<p>Le renforcement de la zone des orteils offre une protection suppl\u00e9mentaire pour les glissades, tandis qu&rsquo;un nouveau design g\u00e9n\u00e9ratif sur la semelle ext\u00e9rieure permet d&rsquo;\u00e9conomiser du poids en enveloppant le pied uniquement dans les zones cibl\u00e9es. Plus \u00e9paisse sur le c\u00f4t\u00e9 m\u00e9dial, plus a\u00e9rodynamique sur le c\u00f4t\u00e9 lat\u00e9ral.<br \/>\nle design minimaliste s&rsquo;appuie sur les donn\u00e9es de jeu, offrant un m\u00e9lange parfait d&rsquo;adh\u00e9rence, de durabilit\u00e9 et de libert\u00e9 de mouvement.<\/p>\n<p>&nbsp;<\/p>\n<p>&nbsp;<\/p>\n<p>Nike<\/p>\n<p>Depuis sa premi\u00e8re apparition sur le march\u00e9 des chaussures de tennis en 1973, Nike a cr\u00e9\u00e9 les tendances qui d\u00e9finissent les chaussures que nous voyons encore aujourd&rsquo;hui sur les courts.<\/p>\n<p>En apportant de la couleur et de l&rsquo;attitude \u00e0 un sport r\u00e9put\u00e9 pour ses codes vestimentaires formels, le Swoosh a bouscul\u00e9 l&rsquo;ordre \u00e9tabli dans les ann\u00e9es 70 avec des chaussures inspir\u00e9es des &rsquo;73, puis, en 1978, John McEnroe.<\/p>\n<p>Il s&rsquo;agit d&rsquo;une v\u00e9ritable r\u00e9volution dans le monde du sport, qui s&rsquo;est traduite par la signature d&rsquo;un premier contrat avec Nastas\u00e9.<br \/>\nConfiant et intransigeant, McEnroe \u00e9tait le partenaire id\u00e9al pour Nike, qui a accru son influence sur le jeu, en particulier gr\u00e2ce \u00e0 sa d\u00e9fense personnelle de la classique Air Trainer 1 dans les ann\u00e9es 80 &#8211; une chaussure qui n&rsquo;aurait probablement pas vu le jour s&rsquo;il n&rsquo;avait pas \u00e9t\u00e9 l\u00e0 n&rsquo;aurait probablement pas vu le jour s&rsquo;il n&rsquo;avait pas insist\u00e9 pour que son prototype soit transform\u00e9 en un mod\u00e8le complet.<\/p>\n<p>Apr\u00e8s McEnroe, il y a eu Agassi, Courier et Sampras. Tous trois ont cr\u00e9\u00e9 de superbes chaussures qui ont repouss\u00e9 les limites de la technologie et de l&rsquo;esth\u00e9tique. L&rsquo;Air Tech Challenge d&rsquo;Agassi et l&rsquo;Air Oscillate de Sampras b\u00e9n\u00e9ficient d&rsquo;une ing\u00e9nierie de pointe, tout comme Federer et Sampras.<br \/>\nde Sampras, tout comme les chaussures de Federer et de Nadal l&rsquo;ont fait plus r\u00e9cemment<\/p>\n<p>La chaussure embl\u00e9matique de Rafa, la Zoom Vapor Cage, est toujours disponible aujourd&rsquo;hui avec sa combinaison gagnante de performance et de durabilit\u00e9, tandis que la Zoom GP Turbo de Naomi Osaka suit les traces de la Flare de Serena en ouvrant la voie \u00e0 la chaussure f\u00e9minine.<br \/>\nde Serena en ouvrant la voie aux chaussures pour femmes. Ailleurs, d\u00e9couvrez la gamme NXT pour les derniers mod\u00e8les ax\u00e9s sur la technologie, ou si vous pr\u00e9f\u00e9rez quelque chose de simple, de l\u00e9ger et de confortable, la collection Lite est faite pour vous.<\/p>\n","protected":false},"excerpt":{"rendered":"<p>Nike Court Zoom NXT<\/p>\n","protected":false},"featured_media":4426,"comment_status":"open","ping_status":"closed","template":"","meta":{"om_disable_all_campaigns":false,"_monsterinsights_skip_tracking":false,"_monsterinsights_sitenote_active":false,"_monsterinsights_sitenote_note":"","_monsterinsights_sitenote_category":0},"product_brand":[],"product_cat":[326,327,39],"product_tag":[330],"class_list":{"0":"post-4420","1":"product","2":"type-product","3":"status-publish","4":"has-post-thumbnail","6":"product_cat-chaussures","7":"product_cat-hommes","8":"product_cat-tennis","9":"product_tag-chaussures-de-tennis","10":"has-post-title","11":"has-post-date","12":"has-post-category","13":"has-post-tag","14":"has-post-comment","15":"has-post-author","16":"","18":"first","19":"instock","20":"shipping-taxable","21":"purchasable","22":"product-type-variable"},"aioseo_notices":[],"builder_content":"","_links":{"self":[{"href":"https:\/\/dynamicshot.fr\/index.php?rest_route=\/wp\/v2\/product\/4420","targetHints":{"allow":["GET"]}}],"collection":[{"href":"https:\/\/dynamicshot.fr\/index.php?rest_route=\/wp\/v2\/product"}],"about":[{"href":"https:\/\/dynamicshot.fr\/index.php?rest_route=\/wp\/v2\/types\/product"}],"replies":[{"embeddable":true,"href":"https:\/\/dynamicshot.fr\/index.php?rest_route=%2Fwp%2Fv2%2Fcomments&post=4420"}],"wp:featuredmedia":[{"embeddable":true,"href":"https:\/\/dynamicshot.fr\/index.php?rest_route=\/wp\/v2\/media\/4426"}],"wp:attachment":[{"href":"https:\/\/dynamicshot.fr\/index.php?rest_route=%2Fwp%2Fv2%2Fmedia&parent=4420"}],"wp:term":[{"taxonomy":"product_brand","embeddable":true,"href":"https:\/\/dynamicshot.fr\/index.php?rest_route=%2Fwp%2Fv2%2Fproduct_brand&post=4420"},{"taxonomy":"product_cat","embeddable":true,"href":"https:\/\/dynamicshot.fr\/index.php?rest_route=%2Fwp%2Fv2%2Fproduct_cat&post=4420"},{"taxonomy":"product_tag","embeddable":true,"href":"https:\/\/dynamicshot.fr\/index.php?rest_route=%2Fwp%2Fv2%2Fproduct_tag&post=4420"}],"curies":[{"name":"wp","href":"https:\/\/api.w.org\/{rel}","templated":true}]}}