{"id":4445,"date":"2024-01-11T20:11:18","date_gmt":"2024-01-11T19:11:18","guid":{"rendered":"https:\/\/dynamicshot.fr\/?post_type=product&#038;p=4445"},"modified":"2024-01-11T20:39:34","modified_gmt":"2024-01-11T19:39:34","slug":"nike-court-react-vapor-nxt","status":"publish","type":"product","link":"https:\/\/dynamicshot.fr\/?product=nike-court-react-vapor-nxt","title":{"rendered":"Nike Court React Vapor NXT"},"content":{"rendered":"<p>Nike Court React Vapor NXT<\/p>\n<p>Passez au niveau sup\u00e9rieur en portant la Nike React Vapor NXT HC en Blanc\/Kaki-Onge clair Trance, avec l&rsquo;amorti React pour la premi\u00e8re fois sur une chaussure de tennis.<br \/>\nDot\u00e9e d&rsquo;un design bas\u00e9 sur des donn\u00e9es, la Nike React Vapor NXT est le r\u00e9sultat d&rsquo;ann\u00e9es de recherche et d&rsquo;analyse, chaque aspect ayant \u00e9t\u00e9 ajust\u00e9 pour fournir les niveaux de performance exig\u00e9s par les meilleurs joueurs.<\/p>\n<p>Sa tige en duahlayer est dot\u00e9e d&rsquo;une manche pleine longueur pour plus de confort, tandis que le caoutchouc durable dans les zones \u00e0 forte usure de la couche ext\u00e9rieure r\u00e9siste \u00e0 l&rsquo;abrasion. Astucieusement, les sections en caoutchouc sont dot\u00e9es d&rsquo;une bande de roulement semblable \u00e0 celle d&rsquo;une semelle ext\u00e9rieure.<br \/>\nles rainures assurent la traction lors des glissades et permettent \u00e9galement la flexion du pied.<\/p>\n<p>En dessous, et c&rsquo;est une premi\u00e8re pour le tennis, l&rsquo;amorti React assure une sensation de souplesse, de confort et de r\u00e9activit\u00e9, ainsi que l&rsquo;efficacit\u00e9 de la cheville.<br \/>\nconfortable et r\u00e9actif, ainsi qu&rsquo;un alignement efficace de la cheville pour des changements de direction rapides.<\/p>\n<p>le. La mousse React est plac\u00e9e pr\u00e8s de la vo\u00fbte plantaire, en combinaison avec une mousse plus ferme le long de l&rsquo;ext\u00e9rieur du pied pour fournir un amorti proche du sol.<\/p>\n<p>Sur le c\u00f4t\u00e9 lat\u00e9ral, un chass\u00e9-crois\u00e9 externe rigide am\u00e9liore la stabilit\u00e9.<\/p>\n<p>renforce la stabilit\u00e9, tandis que la semelle ext\u00e9rieure \u00e0 chevrons est con\u00e7ue pour offrir une adh\u00e9rence maximale sans restreindre vos mouvements.<\/p>\n<p>&nbsp;<\/p>\n<p>&nbsp;<\/p>\n<p>Nike<\/p>\n<p>Depuis sa premi\u00e8re apparition sur le march\u00e9 des chaussures de tennis en 1973, Nike a cr\u00e9\u00e9 les tendances qui d\u00e9finissent les chaussures que nous voyons encore aujourd&rsquo;hui sur les courts.<\/p>\n<p>En apportant de la couleur et de l&rsquo;attitude \u00e0 un sport r\u00e9put\u00e9 pour ses codes vestimentaires formels, le Swoosh a bouscul\u00e9 l&rsquo;ordre \u00e9tabli dans les ann\u00e9es 70 avec des chaussures inspir\u00e9es des &rsquo;73, puis, en 1978, John McEnroe.<\/p>\n<p>Il s&rsquo;agit d&rsquo;une v\u00e9ritable r\u00e9volution dans le monde du sport, qui s&rsquo;est traduite par la signature d&rsquo;un premier contrat avec Nastas\u00e9.<br \/>\nConfiant et intransigeant, McEnroe \u00e9tait le partenaire id\u00e9al pour Nike, qui a accru son influence sur le jeu, en particulier gr\u00e2ce \u00e0 sa d\u00e9fense personnelle de la classique Air Trainer 1 dans les ann\u00e9es 80 &#8211; une chaussure qui n&rsquo;aurait probablement pas vu le jour s&rsquo;il n&rsquo;avait pas \u00e9t\u00e9 l\u00e0 n&rsquo;aurait probablement pas vu le jour s&rsquo;il n&rsquo;avait pas insist\u00e9 pour que son prototype soit transform\u00e9 en un mod\u00e8le complet.<\/p>\n<p>Apr\u00e8s McEnroe, il y a eu Agassi, Courier et Sampras. Tous trois ont cr\u00e9\u00e9 de superbes chaussures qui ont repouss\u00e9 les limites de la technologie et de l&rsquo;esth\u00e9tique. L&rsquo;Air Tech Challenge d&rsquo;Agassi et l&rsquo;Air Oscillate de Sampras b\u00e9n\u00e9ficient d&rsquo;une ing\u00e9nierie de pointe, tout comme Federer et Sampras.<br \/>\nde Sampras, tout comme les chaussures de Federer et de Nadal l&rsquo;ont fait plus r\u00e9cemment<\/p>\n<p>La chaussure embl\u00e9matique de Rafa, la Zoom Vapor Cage, est toujours disponible aujourd&rsquo;hui avec sa combinaison gagnante de performance et de durabilit\u00e9, tandis que la Zoom GP Turbo de Naomi Osaka suit les traces de la Flare de Serena en ouvrant la voie \u00e0 la chaussure f\u00e9minine.<br \/>\nde Serena en ouvrant la voie aux chaussures pour femmes. Ailleurs, d\u00e9couvrez la gamme NXT pour les derniers mod\u00e8les ax\u00e9s sur la technologie, ou si vous pr\u00e9f\u00e9rez quelque chose de simple, de l\u00e9ger et de confortable, la collection Lite est faite pour vous.<\/p>\n","protected":false},"excerpt":{"rendered":"<p>Nike Court React Vapor NXT<\/p>\n","protected":false},"featured_media":4453,"comment_status":"open","ping_status":"closed","template":"","meta":{"om_disable_all_campaigns":false,"_monsterinsights_skip_tracking":false,"_monsterinsights_sitenote_active":false,"_monsterinsights_sitenote_note":"","_monsterinsights_sitenote_category":0},"product_brand":[],"product_cat":[326,327,39],"product_tag":[330],"class_list":{"0":"post-4445","1":"product","2":"type-product","3":"status-publish","4":"has-post-thumbnail","6":"product_cat-chaussures","7":"product_cat-hommes","8":"product_cat-tennis","9":"product_tag-chaussures-de-tennis","10":"has-post-title","11":"has-post-date","12":"has-post-category","13":"has-post-tag","14":"has-post-comment","15":"has-post-author","16":"","18":"first","19":"instock","20":"shipping-taxable","21":"purchasable","22":"product-type-variable"},"aioseo_notices":[],"builder_content":"","_links":{"self":[{"href":"https:\/\/dynamicshot.fr\/index.php?rest_route=\/wp\/v2\/product\/4445","targetHints":{"allow":["GET"]}}],"collection":[{"href":"https:\/\/dynamicshot.fr\/index.php?rest_route=\/wp\/v2\/product"}],"about":[{"href":"https:\/\/dynamicshot.fr\/index.php?rest_route=\/wp\/v2\/types\/product"}],"replies":[{"embeddable":true,"href":"https:\/\/dynamicshot.fr\/index.php?rest_route=%2Fwp%2Fv2%2Fcomments&post=4445"}],"wp:featuredmedia":[{"embeddable":true,"href":"https:\/\/dynamicshot.fr\/index.php?rest_route=\/wp\/v2\/media\/4453"}],"wp:attachment":[{"href":"https:\/\/dynamicshot.fr\/index.php?rest_route=%2Fwp%2Fv2%2Fmedia&parent=4445"}],"wp:term":[{"taxonomy":"product_brand","embeddable":true,"href":"https:\/\/dynamicshot.fr\/index.php?rest_route=%2Fwp%2Fv2%2Fproduct_brand&post=4445"},{"taxonomy":"product_cat","embeddable":true,"href":"https:\/\/dynamicshot.fr\/index.php?rest_route=%2Fwp%2Fv2%2Fproduct_cat&post=4445"},{"taxonomy":"product_tag","embeddable":true,"href":"https:\/\/dynamicshot.fr\/index.php?rest_route=%2Fwp%2Fv2%2Fproduct_tag&post=4445"}],"curies":[{"name":"wp","href":"https:\/\/api.w.org\/{rel}","templated":true}]}}