{"id":4504,"date":"2024-01-13T16:09:24","date_gmt":"2024-01-13T15:09:24","guid":{"rendered":"https:\/\/dynamicshot.fr\/?post_type=product&#038;p=4504"},"modified":"2024-01-13T16:16:05","modified_gmt":"2024-01-13T15:16:05","slug":"nike-react-vapor-nxt","status":"publish","type":"product","link":"https:\/\/dynamicshot.fr\/?product=nike-react-vapor-nxt","title":{"rendered":"Nike React Vapor NXT"},"content":{"rendered":"<p>Nike Court React Vapor NXT<\/p>\n<p>Passez au niveau sup\u00e9rieur en portant la chaussure Nike Women&rsquo;s React Vapor NXT HC en Noir\/Rouge Bronze M\u00e9tallique\/Blanc, qui met en avant l&rsquo;amorti React pour la toute premi\u00e8re fois sur une chaussure de tennis.<br \/>\nDot\u00e9e d&rsquo;un design bas\u00e9 sur des donn\u00e9es, la chaussure Nike Women&rsquo;s React Vapor NXT est le r\u00e9sultat d&rsquo;ann\u00e9es de recherche et d&rsquo;analyse, avec chaque aspect affin\u00e9 pour fournir les niveaux de performance exig\u00e9s par les meilleures joueuses. Sa tige double couche<br \/>\nest dot\u00e9e d&rsquo;une manche pleine longueur pour plus de confort, tandis que le caoutchouc durable dans les zones \u00e0 forte usure de la couche ext\u00e9rieure r\u00e9siste \u00e0 l&rsquo;abrasion. Cleveny, les sections en caoutchouc technique pr\u00e9sentent une bande de roulement semblable \u00e0 celle d&rsquo;une semelle ext\u00e9rieure, les rainures assurant l&rsquo;adh\u00e9rence pendant les glissades et permettant \u00e9galement la flexion de la jambe.<br \/>\nles glissades et permettent \u00e9galement la flexion du pied. En dessous, et c&rsquo;est une premi\u00e8re pour le tennis, l&rsquo;amorti React assure une conduite souple et confortable. La mousse React est plac\u00e9e pr\u00e8s de la vo\u00fbte plantaire et est combin\u00e9e \u00e0 une mousse plus ferme le long de l&rsquo;ext\u00e9rieur du pied.<br \/>\nLa mousse React est plac\u00e9e pr\u00e8s de la vo\u00fbte plantaire et est associ\u00e9e \u00e0 une mousse plus ferme le long de l&rsquo;ext\u00e9rieur du pied afin d&rsquo;offrir une sensation de proximit\u00e9 au sol et de r\u00e9activit\u00e9, ainsi qu&rsquo;un alignement efficace de la cheville pour des changements de direction rapides. Du c\u00f4t\u00e9 lat\u00e9ral, un ch\u00e2ssis externe solide am\u00e9liore la stabilit\u00e9, tandis que la semelle \u00e0 chevrons g\u00e9n\u00e8re une sensation d&rsquo;\u00e9quilibre.<\/p>\n<p>Nike Vapor NXT<\/p>\n<p>La chaussure de tennis Nike Vapor NXT est un choix de chaussure de pointe qui combine une technologie de pointe avec un design \u00e9l\u00e9gant. Elle est dot\u00e9e d&rsquo;une tige l\u00e9g\u00e8re et respirante qui garde vos pieds au frais et \u00e0 l&rsquo;aise pendant les matchs intenses.<br \/>\npendant les matchs intenses. L&rsquo;amorti en mousse React de la chaussure offre un confort r\u00e9actif et un retour d&rsquo;\u00e9nergie, r\u00e9duisant la fatigue et am\u00e9liorant vos performances sur le court. La semelle ext\u00e9rieure r\u00e9sistante avec un motif \u00e0 chevrons offre une<br \/>\nune traction et une adh\u00e9rence exceptionnelles, garantissant stabilit\u00e9 et rapidit\u00e9 des mouvements. Avec son esth\u00e9tique moderne et \u00e9pur\u00e9e, la Nike Vapor NXT respire le style et la confiance. Am\u00e9liorez votre jeu avec les performances innovantes de la chaussure de tennis Nike Vapor NXT<\/p>\n<p>&nbsp;<\/p>\n<p>&nbsp;<\/p>\n<p>Nike<\/p>\n<p>Depuis sa premi\u00e8re apparition sur le march\u00e9 des chaussures de tennis en 1973, Nike a cr\u00e9\u00e9 les tendances qui d\u00e9finissent les chaussures que nous voyons encore aujourd&rsquo;hui sur les courts.<\/p>\n<p>En apportant de la couleur et de l&rsquo;attitude \u00e0 un sport r\u00e9put\u00e9 pour ses codes vestimentaires formels, le Swoosh a bouscul\u00e9 l&rsquo;ordre \u00e9tabli dans les ann\u00e9es 70 avec des chaussures inspir\u00e9es des &rsquo;73, puis, en 1978, John McEnroe.<\/p>\n<p>Il s&rsquo;agit d&rsquo;une v\u00e9ritable r\u00e9volution dans le monde du sport, qui s&rsquo;est traduite par la signature d&rsquo;un premier contrat avec Nastas\u00e9.<br \/>\nConfiant et intransigeant, McEnroe \u00e9tait le partenaire id\u00e9al pour Nike, qui a accru son influence sur le jeu, en particulier gr\u00e2ce \u00e0 sa d\u00e9fense personnelle de la classique Air Trainer 1 dans les ann\u00e9es 80 &#8211; une chaussure qui n&rsquo;aurait probablement pas vu le jour s&rsquo;il n&rsquo;avait pas \u00e9t\u00e9 l\u00e0 n&rsquo;aurait probablement pas vu le jour s&rsquo;il n&rsquo;avait pas insist\u00e9 pour que son prototype soit transform\u00e9 en un mod\u00e8le complet.<\/p>\n<p>Apr\u00e8s McEnroe, il y a eu Agassi, Courier et Sampras. Tous trois ont cr\u00e9\u00e9 de superbes chaussures qui ont repouss\u00e9 les limites de la technologie et de l&rsquo;esth\u00e9tique. L&rsquo;Air Tech Challenge d&rsquo;Agassi et l&rsquo;Air Oscillate de Sampras b\u00e9n\u00e9ficient d&rsquo;une ing\u00e9nierie de pointe, tout comme Federer et Sampras.<br \/>\nde Sampras, tout comme les chaussures de Federer et de Nadal l&rsquo;ont fait plus r\u00e9cemment<\/p>\n<p>La chaussure embl\u00e9matique de Rafa, la Zoom Vapor Cage, est toujours disponible aujourd&rsquo;hui avec sa combinaison gagnante de performance et de durabilit\u00e9, tandis que la Zoom GP Turbo de Naomi Osaka suit les traces de la Flare de Serena en ouvrant la voie \u00e0 la chaussure f\u00e9minine.<br \/>\nde Serena en ouvrant la voie aux chaussures pour femmes. Ailleurs, d\u00e9couvrez la gamme NXT pour les derniers mod\u00e8les ax\u00e9s sur la technologie, ou si vous pr\u00e9f\u00e9rez quelque chose de simple, de l\u00e9ger et de confortable, la collection Lite est faite pour vous.<\/p>\n","protected":false},"excerpt":{"rendered":"<p>Nike React Vapor NXT<\/p>\n","protected":false},"featured_media":4507,"comment_status":"open","ping_status":"closed","template":"","meta":{"om_disable_all_campaigns":false,"_monsterinsights_skip_tracking":false,"_monsterinsights_sitenote_active":false,"_monsterinsights_sitenote_note":"","_monsterinsights_sitenote_category":0},"product_brand":[],"product_cat":[326,328,39],"product_tag":[330],"class_list":{"0":"post-4504","1":"product","2":"type-product","3":"status-publish","4":"has-post-thumbnail","6":"product_cat-chaussures","7":"product_cat-femmes","8":"product_cat-tennis","9":"product_tag-chaussures-de-tennis","10":"has-post-title","11":"has-post-date","12":"has-post-category","13":"has-post-tag","14":"has-post-comment","15":"has-post-author","16":"","18":"first","19":"instock","20":"shipping-taxable","21":"purchasable","22":"product-type-variable"},"aioseo_notices":[],"builder_content":"","_links":{"self":[{"href":"https:\/\/dynamicshot.fr\/index.php?rest_route=\/wp\/v2\/product\/4504","targetHints":{"allow":["GET"]}}],"collection":[{"href":"https:\/\/dynamicshot.fr\/index.php?rest_route=\/wp\/v2\/product"}],"about":[{"href":"https:\/\/dynamicshot.fr\/index.php?rest_route=\/wp\/v2\/types\/product"}],"replies":[{"embeddable":true,"href":"https:\/\/dynamicshot.fr\/index.php?rest_route=%2Fwp%2Fv2%2Fcomments&post=4504"}],"wp:featuredmedia":[{"embeddable":true,"href":"https:\/\/dynamicshot.fr\/index.php?rest_route=\/wp\/v2\/media\/4507"}],"wp:attachment":[{"href":"https:\/\/dynamicshot.fr\/index.php?rest_route=%2Fwp%2Fv2%2Fmedia&parent=4504"}],"wp:term":[{"taxonomy":"product_brand","embeddable":true,"href":"https:\/\/dynamicshot.fr\/index.php?rest_route=%2Fwp%2Fv2%2Fproduct_brand&post=4504"},{"taxonomy":"product_cat","embeddable":true,"href":"https:\/\/dynamicshot.fr\/index.php?rest_route=%2Fwp%2Fv2%2Fproduct_cat&post=4504"},{"taxonomy":"product_tag","embeddable":true,"href":"https:\/\/dynamicshot.fr\/index.php?rest_route=%2Fwp%2Fv2%2Fproduct_tag&post=4504"}],"curies":[{"name":"wp","href":"https:\/\/api.w.org\/{rel}","templated":true}]}}