{"id":4536,"date":"2024-01-13T16:30:31","date_gmt":"2024-01-13T15:30:31","guid":{"rendered":"https:\/\/dynamicshot.fr\/?post_type=product&#038;p=4536"},"modified":"2024-01-13T16:37:11","modified_gmt":"2024-01-13T15:37:11","slug":"adidas-game-court-2","status":"publish","type":"product","link":"https:\/\/dynamicshot.fr\/?product=adidas-game-court-2","title":{"rendered":"Adidas Game court 2"},"content":{"rendered":"<p>adidas Femme Game Court 2<\/p>\n<p>Augmentez votre confiance sur le court avec la GameCourt 2 d&rsquo;adidas Femmes en Ftwr White\/Silver Met\/Ftwr White, la chaussure d&rsquo;entra\u00eenement qui change la donne et qui vous soutient \u00e0 chaque match, chaque set et chaque rencontre<br \/>\nCon\u00e7ue pour votre confort et vos performances, la GameCourt 2 d&rsquo;adidas Femmes est fabriqu\u00e9e avec une tige en maille l\u00e9g\u00e8re qui favorise l&rsquo;a\u00e9ration, avec un talon rembourr\u00e9 qui offre un amorti moelleux autour de votre cheville pour un confort optimal.<br \/>\ncheville pour un confort ultime<\/p>\n<p>La semelle interm\u00e9diaire en EVA vous permet de rester \u00e0 l&rsquo;aise et connect\u00e9e au terrain tout au long de vos mouvements dynamiques lat\u00e9raux, tandis que la fermeture \u00e0 lacets A<br \/>\nvous permet de personnaliser l&rsquo;ajustement pour trouver la sensation de s\u00e9curit\u00e9 et de soutien qui vous est propre.<\/p>\n<p>La semelle ext\u00e9rieure en jear assure une traction sup\u00e9rieure sur les terrains difficiles sans sacrifier la durabilit\u00e9.<\/p>\n<p>&nbsp;<\/p>\n<p>adidas Game Court<\/p>\n<p>La chaussure de tennis Adidas GameCourt est une option fiable et polyvalente pour les joueurs de tennis de tous niveaux. Con\u00e7ue pour le confort et la performance, la chaussure poss\u00e8de une tige l\u00e9g\u00e8re et respirante qui garde vos pieds au frais et \u00e0 l&rsquo;aise pendant les longs matchs.<br \/>\net confortable pendant les longs matchs. La semelle interm\u00e9diaire rembourr\u00e9e offre une excellente absorption des chocs, r\u00e9duisant la tension sur vos articulations et am\u00e9liorant le confort g\u00e9n\u00e9ral. La semelle ext\u00e9rieure r\u00e9sistante offre une adh\u00e9rence fiable sur diff\u00e9rentes surfaces.<br \/>\nsur les diff\u00e9rentes surfaces du terrain, assurant stabilit\u00e9 et adh\u00e9rence lors des mouvements rapides. Avec son design classique et intemporel, la chaussure de tennis Adidas GameCourt ne se contente pas d&rsquo;\u00eatre performante, elle apporte aussi du style sur le terrain. Am\u00e9liorez votre jeu avec<br \/>\nconfiance et confort avec la chaussure Adidas GameCourt<\/p>\n<p>&nbsp;<\/p>\n<p>adidas<\/p>\n<p>L&rsquo;histoire des chaussures de tennis adidas modernes remonte \u00e0 1963, lorsque la marque aux trois bandes a lanc\u00e9 la premi\u00e8re chaussure en cuir jamais vue sur un court de tennis<\/p>\n<p>D\u00e9fendue par Horst, le fils du fondateur de l&rsquo;entreprise Adi Dassler, la construction robuste de la chaussure s&rsquo;\u00e9loignait consid\u00e9rablement des traditionnelles semelles en toile que la marque avait produites par le pass\u00e9.<\/p>\n<p>La plupart des joueurs de l&rsquo;\u00e9poque choisissaient toujours des chaussures \u00e0 semelles compens\u00e9es, mais les choses ont rapidement chang\u00e9 lorsqu&rsquo;Adi a recrut\u00e9 le joueur professionnel fran\u00e7ais Robert Hail pour lui montrer le potentiel de la chaussure.<\/p>\n<p>pour montrer le potentiel de la chaussure au monde entier.<\/p>\n<p>Le joueur fran\u00e7ais Robert Hail + a \u00e9t\u00e9 choisi pour porter leur nouvelle cr\u00e9ation, en inscrivant son visage sur la languette et en envoyant le logo de la marque sur la chaussure.<\/p>\n<p>Cela vous rappelle quelque chose ? C&rsquo;est exact, la Haillet est devenue la l\u00e9gendaire Stan Smith, l&rsquo;Am\u00e9ricain rempla\u00e7ant le Fran\u00e7ais qui venait de prendre sa retraite en 1971<\/p>\n<p>Depuis lors, adidas n&rsquo;a cess\u00e9 d&rsquo;innover et de faire appel \u00e0 des stars. Des chaussures sign\u00e9es Rod Laver et Bilie Jean King aux partenariats de design avec Stella McCartney et Pharrell<\/p>\n<p>Williams, adidas a toujours \u00e9tabli la norme en mati\u00e8re de performance et de style<\/p>\n","protected":false},"excerpt":{"rendered":"<p>Adidas Game court 2<\/p>\n","protected":false},"featured_media":4542,"comment_status":"open","ping_status":"closed","template":"","meta":{"om_disable_all_campaigns":false,"_monsterinsights_skip_tracking":false,"_monsterinsights_sitenote_active":false,"_monsterinsights_sitenote_note":"","_monsterinsights_sitenote_category":0},"product_brand":[],"product_cat":[326,328,39],"product_tag":[330],"class_list":{"0":"post-4536","1":"product","2":"type-product","3":"status-publish","4":"has-post-thumbnail","6":"product_cat-chaussures","7":"product_cat-femmes","8":"product_cat-tennis","9":"product_tag-chaussures-de-tennis","10":"has-post-title","11":"has-post-date","12":"has-post-category","13":"has-post-tag","14":"has-post-comment","15":"has-post-author","16":"","18":"first","19":"instock","20":"shipping-taxable","21":"purchasable","22":"product-type-variable"},"aioseo_notices":[],"builder_content":"","_links":{"self":[{"href":"https:\/\/dynamicshot.fr\/index.php?rest_route=\/wp\/v2\/product\/4536","targetHints":{"allow":["GET"]}}],"collection":[{"href":"https:\/\/dynamicshot.fr\/index.php?rest_route=\/wp\/v2\/product"}],"about":[{"href":"https:\/\/dynamicshot.fr\/index.php?rest_route=\/wp\/v2\/types\/product"}],"replies":[{"embeddable":true,"href":"https:\/\/dynamicshot.fr\/index.php?rest_route=%2Fwp%2Fv2%2Fcomments&post=4536"}],"wp:featuredmedia":[{"embeddable":true,"href":"https:\/\/dynamicshot.fr\/index.php?rest_route=\/wp\/v2\/media\/4542"}],"wp:attachment":[{"href":"https:\/\/dynamicshot.fr\/index.php?rest_route=%2Fwp%2Fv2%2Fmedia&parent=4536"}],"wp:term":[{"taxonomy":"product_brand","embeddable":true,"href":"https:\/\/dynamicshot.fr\/index.php?rest_route=%2Fwp%2Fv2%2Fproduct_brand&post=4536"},{"taxonomy":"product_cat","embeddable":true,"href":"https:\/\/dynamicshot.fr\/index.php?rest_route=%2Fwp%2Fv2%2Fproduct_cat&post=4536"},{"taxonomy":"product_tag","embeddable":true,"href":"https:\/\/dynamicshot.fr\/index.php?rest_route=%2Fwp%2Fv2%2Fproduct_tag&post=4536"}],"curies":[{"name":"wp","href":"https:\/\/api.w.org\/{rel}","templated":true}]}}