{"id":4570,"date":"2024-01-13T16:51:07","date_gmt":"2024-01-13T15:51:07","guid":{"rendered":"https:\/\/dynamicshot.fr\/?post_type=product&#038;p=4570"},"modified":"2024-01-13T16:55:05","modified_gmt":"2024-01-13T15:55:05","slug":"babolat-boys-jet-mach-iii","status":"publish","type":"product","link":"https:\/\/dynamicshot.fr\/?product=babolat-boys-jet-mach-iii","title":{"rendered":"Babolat Boys jet Mach III"},"content":{"rendered":"<p>Babolat Jet Mach III<\/p>\n<p>Affrontez votre adversaire avec la Babolat Jet Mach III Grass Court en Blanc\/Bleu, la chaussure de tennis con\u00e7ue pour offrir une combinaison parfaite de rapidit\u00e9 et de soutien.<br \/>\nCon\u00e7ue pour une agilit\u00e9 ultime, la Babolat Jet Mach III Grass Court vous assure un maximum de vitesse lors des transitions et des changements de direction. L&#8217;empeigne en Matryx 2.0 est l\u00e9g\u00e8re et se compose de Kevlar et de Polyamide pour la protection et le soutien.<br \/>\npour la protection et le soutien. L&rsquo;amorti profil\u00e9 sous le pied assure votre confort, avec la technologie Active Flexion sur l&rsquo;ensemble des neuf points de pression cl\u00e9s pour plus de r\u00e9activit\u00e9. La semelle ext\u00e9rieure Michelin Performance<br \/>\nassure une traction durable sur les surfaces en herbe, tandis que la fermeture traditionnelle \u00e0 lacets vous permet de personnaliser l&rsquo;ajustement pour trouver une sensation de s\u00e9curit\u00e9 et de soutien qui vous est propre, ce qui fait de cette chaussure de sport un ajout tr\u00e8s pratique \u00e0 votre kit de tennis.<\/p>\n<p>&nbsp;<\/p>\n<p>Babolat<br \/>\nBabolat s&rsquo;est lanc\u00e9 pour la premi\u00e8re fois dans la chaussure en 2003, lorsque, flairant une opportunit\u00e9 sur le march\u00e9, ils se sont associ\u00e9s aux experts de l&rsquo;adh\u00e9rence Michelin pour cr\u00e9er une chaussure de tennis con\u00e7ue pour les mouvements sp\u00e9cifiques de ce sport.<\/p>\n<p>L&rsquo;association entre Babolat et Michelin se poursuit encore aujourd&rsquo;hui, toutes les chaussures Babolat haut de gamme b\u00e9n\u00e9ficiant de l&rsquo;adh\u00e9rence et de la long\u00e9vit\u00e9 sup\u00e9rieures offertes par le caoutchouc de qualit\u00e9 sup\u00e9rieure de Michelin.<\/p>\n<p>Nous disons double &#8211; il y a maintenant un troisi\u00e8me joueur dans l&rsquo;\u00e9quipe fran\u00e7aise. Depuis 2016, en commen\u00e7ant par la Jet ax\u00e9e sur la vitesse, certaines chaussures Babolat ont \u00e9t\u00e9 dot\u00e9es de mat\u00e9riaux Matryx dans la tige, gr\u00e2ce au cr\u00e9ateur de tissus techniques bas\u00e9 \u00e0 Ardoix, Chamatex Matryx.<\/p>\n<p>Chamatex Matryx est un m\u00e9lange de fibres aramides et polyamides ultra-durables qui permet d&rsquo;avoir de la flexibilit\u00e9 dans une zone de la tige et de la rigidit\u00e9 dans une autre. Essentiel}, il peut \u00eatre adapt\u00e9 sp\u00e9cifiquement aux exigences des joueurs de tennis, en fournissant un soutien cibl\u00e9, une flexion, une respirabilit\u00e9 et une r\u00e9sistance \u00e0 l&rsquo;abrasion l\u00e0 o\u00f9 c&rsquo;est n\u00e9cessaire.<\/p>\n<p>Le num\u00e9ro 1 am\u00e9ricain de l&rsquo;\u00e9poque, Andy Roddick, a \u00e9t\u00e9 le premier joueur de renom \u00e0 porter des chaussures Babolat sur le court, en chaussant la Propulse pour le Tour 2005. La Propulse, qui offre un bon soutien et une bonne r\u00e9sistance, est toujours aussi populaire aupr\u00e8s des professionnels, tandis que la Jet, plus l\u00e9g\u00e8re, r\u00e9pond aux besoins des joueurs de haut niveau.<br \/>\nJet, plus l\u00e9g\u00e8re, s&rsquo;adresse aux joueurs qui pr\u00e9f\u00e8rent la vitesse \u00e0 la stabilit\u00e9. Enfin, si vous recherchez une chaussure polyvalente ax\u00e9e sur le confort, optez pour la SFX3, plus large.<\/p>\n","protected":false},"excerpt":{"rendered":"<p>Babolat Boys jet Mach III<\/p>\n","protected":false},"featured_media":4575,"comment_status":"open","ping_status":"closed","template":"","meta":{"om_disable_all_campaigns":false,"_monsterinsights_skip_tracking":false,"_monsterinsights_sitenote_active":false,"_monsterinsights_sitenote_note":"","_monsterinsights_sitenote_category":0},"product_brand":[],"product_cat":[326,329,39],"product_tag":[330],"class_list":{"0":"post-4570","1":"product","2":"type-product","3":"status-publish","4":"has-post-thumbnail","6":"product_cat-chaussures","7":"product_cat-enfants","8":"product_cat-tennis","9":"product_tag-chaussures-de-tennis","10":"has-post-title","11":"has-post-date","12":"has-post-category","13":"has-post-tag","14":"has-post-comment","15":"has-post-author","16":"","18":"first","19":"instock","20":"shipping-taxable","21":"purchasable","22":"product-type-variable"},"aioseo_notices":[],"builder_content":"","_links":{"self":[{"href":"https:\/\/dynamicshot.fr\/index.php?rest_route=\/wp\/v2\/product\/4570","targetHints":{"allow":["GET"]}}],"collection":[{"href":"https:\/\/dynamicshot.fr\/index.php?rest_route=\/wp\/v2\/product"}],"about":[{"href":"https:\/\/dynamicshot.fr\/index.php?rest_route=\/wp\/v2\/types\/product"}],"replies":[{"embeddable":true,"href":"https:\/\/dynamicshot.fr\/index.php?rest_route=%2Fwp%2Fv2%2Fcomments&post=4570"}],"wp:featuredmedia":[{"embeddable":true,"href":"https:\/\/dynamicshot.fr\/index.php?rest_route=\/wp\/v2\/media\/4575"}],"wp:attachment":[{"href":"https:\/\/dynamicshot.fr\/index.php?rest_route=%2Fwp%2Fv2%2Fmedia&parent=4570"}],"wp:term":[{"taxonomy":"product_brand","embeddable":true,"href":"https:\/\/dynamicshot.fr\/index.php?rest_route=%2Fwp%2Fv2%2Fproduct_brand&post=4570"},{"taxonomy":"product_cat","embeddable":true,"href":"https:\/\/dynamicshot.fr\/index.php?rest_route=%2Fwp%2Fv2%2Fproduct_cat&post=4570"},{"taxonomy":"product_tag","embeddable":true,"href":"https:\/\/dynamicshot.fr\/index.php?rest_route=%2Fwp%2Fv2%2Fproduct_tag&post=4570"}],"curies":[{"name":"wp","href":"https:\/\/api.w.org\/{rel}","templated":true}]}}