{"id":4579,"date":"2024-01-13T16:55:45","date_gmt":"2024-01-13T15:55:45","guid":{"rendered":"https:\/\/dynamicshot.fr\/?post_type=product&#038;p=4579"},"modified":"2024-01-13T17:00:50","modified_gmt":"2024-01-13T16:00:50","slug":"asics-boys-gel-resolution-9-g","status":"publish","type":"product","link":"https:\/\/dynamicshot.fr\/?product=asics-boys-gel-resolution-9-g","title":{"rendered":"Asics Boys Gel-Resolution 9 G"},"content":{"rendered":"<p>Asics Boys Gel-Resolution 9 GS<\/p>\n<p>Jouez depuis la ligne de fond avec les chaussures de tennis ASICS Boys GEL-RESOLUTION 9 en Soothing SealGris Blue, une version plus petite de la GEL-RESOLUTION 9 avec un enfant qui grandit.<br \/>\ndes pieds en pleine croissance<\/p>\n<p>La GEL-RESOLUTION 9 offre une stabilit\u00e9 qui permet de gagner des matchs gr\u00e2ce \u00e0 sa tige structur\u00e9e et son renfort au milieu du pied qui vous aide \u00e0 garder l&rsquo;\u00e9quilibre lorsque vous changez de direction. La technologie GEL \u00e0 l&rsquo;avant-pied absorbe les forces d&rsquo;impact lorsque vous atterrissez pour que vous puissiez vous d\u00e9placer en tout confort.<br \/>\nLa technologie GEL \u00e0 l&rsquo;avant-pied absorbe les forces d&rsquo;impact \u00e0 l&rsquo;atterrissage pour que vous puissiez vous d\u00e9placer en tout confort, tandis que la longue rainure de flexion sur la semelle ext\u00e9rieure assure une transition fluide lorsque vous d\u00e9placez votre poids lors des mouvements lat\u00e9raux.<\/p>\n<p>forme sp\u00e9cifique con\u00e7ue sp\u00e9cialement pour les joueurs juniors\u00a0\u00bb<\/p>\n<p>&nbsp;<\/p>\n<p>ASICS<\/p>\n<p>Anima Sana In Corpore Sano. Un esprit sain dans un corps sain\u00a0\u00bb. Plus qu&rsquo;une devise, les mots qui composent le nom ASICS sont la source d&rsquo;inspiration de tous les produits qu&rsquo;ils cr\u00e9ent<\/p>\n<p>En termes de tennis, cela signifie aider les joueurs \u00e0 se d\u00e9placer sur le terrain plus rapidement, plus facilement et plus confortablement, ce qui est exactement ce qu&rsquo;ils font depuis la sortie de leur premi\u00e8re chaussure de tennis, la Tiger \u00c0 Type, en 1952.<br \/>\nen 1952<\/p>\n<p>C&rsquo;est aussi la raison pour laquelle, lorsque vous regardez leur gamme moderne, vous verrez certains mod\u00e8les avec des r\u00e9visions num\u00e9rot\u00e9es \u00e0 deux chiffres. C&rsquo;est l&rsquo;\u00e9thique en action. Le raffinement, la r\u00e9invention et l&rsquo;innovation constants permettent d&rsquo;\u00eatre toujours en avance, dans tous les sens du terme.<br \/>\ntoujours une longueur d&rsquo;avance, dans tous les sens du terme.<\/p>\n<p>Prenez la GEL-CHALLENGER, par exemple. Un pilier sur le terrain depuis des d\u00e9cennies, elle est con\u00e7ue pour durer longtemps.<\/p>\n<p>Elle utilise des mat\u00e9riaux durables et offre un soutien suppl\u00e9mentaire pour vous permettre de garder l&rsquo;\u00e9quilibre lors des mouvements lat\u00e9raux,<\/p>\n<p>Vous remarquerez \u00e9galement le pr\u00e9fixe GEL sur bon nombre de leurs chaussures. Introduite pour la premi\u00e8re fois sur les chaussures de course ASICS dans les ann\u00e9es 80, cette technologie d&rsquo;amorti exclusive est tr\u00e8s utile pour le tennis, car elle absorbe les forces d&rsquo;impact r\u00e9p\u00e9t\u00e9es lors du service, du sprint et de la course.<br \/>\nau service, au sprint et au changement de direction. Au fil du temps, il vous aide \u00e0 rester frais plus longtemps, ce qui est vital pour les matchs \u00e9puisants en trois ou cinq sets,<\/p>\n<p>Il n&rsquo;y a aucun doute \u00e0 ce sujet : ASICS fabrique certaines des meilleures chaussures de tennis qui soient. Apr\u00e8s tout, si Novak Djokovic choisit de les porter, c&rsquo;est qu&rsquo;elles doivent \u00eatre bonnes. Le Serbe, qui a battu tous les records, a sa signature COURT FF, qui b\u00e9n\u00e9ficie de la l\u00e9g\u00e8ret\u00e9 de FlyteFoam pour plus de ressort.<\/p>\n<p>l\u00e9g\u00e8re FlyteFoam pour plus de ressort, tandis que Gael Monfils porte la robuste GEL-RESOLUTION. Si vous aimez la vitesse sur le court, d\u00e9couvrez les mod\u00e8les SOLUTION SPEED et SOLUTION SWIFT. Pour des performances solides sur toute la ligne,<br \/>\njetez un coup d&rsquo;\u0153il aux GEL-CHALLENGER, GEL-GAME et GEL-DEDICATE.<\/p>\n<p>&nbsp;<\/p>\n<p>&nbsp;<\/p>\n","protected":false},"excerpt":{"rendered":"<p>Asics court slide<\/p>\n","protected":false},"featured_media":4582,"comment_status":"open","ping_status":"closed","template":"","meta":{"om_disable_all_campaigns":false,"_monsterinsights_skip_tracking":false,"_monsterinsights_sitenote_active":false,"_monsterinsights_sitenote_note":"","_monsterinsights_sitenote_category":0},"product_brand":[],"product_cat":[326,329,39],"product_tag":[330],"class_list":{"0":"post-4579","1":"product","2":"type-product","3":"status-publish","4":"has-post-thumbnail","6":"product_cat-chaussures","7":"product_cat-enfants","8":"product_cat-tennis","9":"product_tag-chaussures-de-tennis","10":"has-post-title","11":"has-post-date","12":"has-post-category","13":"has-post-tag","14":"has-post-comment","15":"has-post-author","16":"","18":"first","19":"instock","20":"shipping-taxable","21":"purchasable","22":"product-type-variable"},"aioseo_notices":[],"builder_content":"","_links":{"self":[{"href":"https:\/\/dynamicshot.fr\/index.php?rest_route=\/wp\/v2\/product\/4579","targetHints":{"allow":["GET"]}}],"collection":[{"href":"https:\/\/dynamicshot.fr\/index.php?rest_route=\/wp\/v2\/product"}],"about":[{"href":"https:\/\/dynamicshot.fr\/index.php?rest_route=\/wp\/v2\/types\/product"}],"replies":[{"embeddable":true,"href":"https:\/\/dynamicshot.fr\/index.php?rest_route=%2Fwp%2Fv2%2Fcomments&post=4579"}],"wp:featuredmedia":[{"embeddable":true,"href":"https:\/\/dynamicshot.fr\/index.php?rest_route=\/wp\/v2\/media\/4582"}],"wp:attachment":[{"href":"https:\/\/dynamicshot.fr\/index.php?rest_route=%2Fwp%2Fv2%2Fmedia&parent=4579"}],"wp:term":[{"taxonomy":"product_brand","embeddable":true,"href":"https:\/\/dynamicshot.fr\/index.php?rest_route=%2Fwp%2Fv2%2Fproduct_brand&post=4579"},{"taxonomy":"product_cat","embeddable":true,"href":"https:\/\/dynamicshot.fr\/index.php?rest_route=%2Fwp%2Fv2%2Fproduct_cat&post=4579"},{"taxonomy":"product_tag","embeddable":true,"href":"https:\/\/dynamicshot.fr\/index.php?rest_route=%2Fwp%2Fv2%2Fproduct_tag&post=4579"}],"curies":[{"name":"wp","href":"https:\/\/api.w.org\/{rel}","templated":true}]}}