{"id":4687,"date":"2024-01-18T14:34:35","date_gmt":"2024-01-18T13:34:35","guid":{"rendered":"https:\/\/dynamicshot.fr\/?post_type=product&#038;p=4687"},"modified":"2024-01-18T14:39:40","modified_gmt":"2024-01-18T13:39:40","slug":"nike-air-zoom-pegasus-40","status":"publish","type":"product","link":"https:\/\/dynamicshot.fr\/?product=nike-air-zoom-pegasus-40","title":{"rendered":"Nike Air Zoom Pegasus 40"},"content":{"rendered":"<p>Nike Air Zoom Pegasus 40<\/p>\n<p>Quatre d\u00e9cennies de r\u00e9volution, d&rsquo;\u00e9volution et d&rsquo;am\u00e9liorations ont men\u00e9 \u00e0 cela, la Nike Pegasus 40 &#8211; Blanc\/Multicolore\/voire P\u00e2le, une chaussure de course de tous les jours construite avec une fiabilit\u00e9 \u00e9prouv\u00e9e qui est dot\u00e9e<br \/>\nd\u00e9sormais d&rsquo;un ajustement et un confort am\u00e9lior\u00e9s,<\/p>\n<p>Pour que tu puisses faire confiance \u00e0 ta course, la Pegasus 40 est l\u00e0, que tu partes pour de longs kilom\u00e8tres de marathon, une s\u00e9ance de vitesse ou un jogging de groupe rapide. L&#8217;empeigne en mesh technique \u00e0 couche unique<br \/>\noffre une meilleure respirabilit\u00e9 avec le m\u00eame ajustement Pegasus, tandis qu&rsquo;une bande au milieu du pied \u00e9pouse ton pied pour une sensation plus s\u00fbre mais indulgente. Une mousse accrue et des rembourrages retravaill\u00e9s<br \/>\nam\u00e9liorent tous le confort autour des zones sensibles du pied, rendant ces longs kilom\u00e8tres encore plus faciles. Le Peg 40 pr\u00e9sente toujours la m\u00eame combinaison de mousse React durable, lisse et r\u00e9active, avec des unit\u00e9s<br \/>\nZoom Air offrant une propulsion suppl\u00e9mentaire au talon et \u00e0 l&rsquo;avant-pied<\/p>\n<p>&nbsp;<\/p>\n<p>&nbsp;<\/p>\n<p>&nbsp;<\/p>\n<p>Nike<\/p>\n<p>Depuis sa premi\u00e8re apparition sur le march\u00e9 des chaussures de tennis en 1973, Nike a cr\u00e9\u00e9 les tendances qui d\u00e9finissent les chaussures que nous voyons encore aujourd\u2019hui sur les courts.<\/p>\n<p>En apportant de la couleur et de l\u2019attitude \u00e0 un sport r\u00e9put\u00e9 pour ses codes vestimentaires formels, le Swoosh a bouscul\u00e9 l\u2019ordre \u00e9tabli dans les ann\u00e9es 70 avec des chaussures inspir\u00e9es des \u201973, puis, en 1978, John McEnroe.<\/p>\n<p>Il s\u2019agit d\u2019une v\u00e9ritable r\u00e9volution dans le monde du sport, qui s\u2019est traduite par la signature d\u2019un premier contrat avec Nastas\u00e9.<br \/>\nConfiant et intransigeant, McEnroe \u00e9tait le partenaire id\u00e9al pour Nike, qui a accru son influence sur le jeu, en particulier gr\u00e2ce \u00e0 sa d\u00e9fense personnelle de la classique Air Trainer 1 dans les ann\u00e9es 80 \u2013 une chaussure qui n\u2019aurait probablement pas vu le jour s\u2019il n\u2019avait pas \u00e9t\u00e9 l\u00e0 n\u2019aurait probablement pas vu le jour s\u2019il n\u2019avait pas insist\u00e9 pour que son prototype soit transform\u00e9 en un mod\u00e8le complet.<\/p>\n<p>Apr\u00e8s McEnroe, il y a eu Agassi, Courier et Sampras. Tous trois ont cr\u00e9\u00e9 de superbes chaussures qui ont repouss\u00e9 les limites de la technologie et de l\u2019esth\u00e9tique. L\u2019Air Tech Challenge d\u2019Agassi et l\u2019Air Oscillate de Sampras b\u00e9n\u00e9ficient d\u2019une ing\u00e9nierie de pointe, tout comme Federer et Sampras.<br \/>\nde Sampras, tout comme les chaussures de Federer et de Nadal l\u2019ont fait plus r\u00e9cemment<\/p>\n<p>La chaussure embl\u00e9matique de Rafa, la Zoom Vapor Cage, est toujours disponible aujourd\u2019hui avec sa combinaison gagnante de performance et de durabilit\u00e9, tandis que la Zoom GP Turbo de Naomi Osaka suit les traces de la Flare de Serena en ouvrant la voie \u00e0 la chaussure f\u00e9minine.<br \/>\nde Serena en ouvrant la voie aux chaussures pour femmes. Ailleurs, d\u00e9couvrez la gamme NXT pour les derniers mod\u00e8les ax\u00e9s sur la technologie, ou si vous pr\u00e9f\u00e9rez quelque chose de simple, de l\u00e9ger et de confortable, la collection Lite est faite pour vous.<\/p>\n","protected":false},"excerpt":{"rendered":"<p>Nike Air Zoom Pegasus 40<\/p>\n","protected":false},"featured_media":4694,"comment_status":"open","ping_status":"closed","template":"","meta":{"om_disable_all_campaigns":false,"_monsterinsights_skip_tracking":false,"_monsterinsights_sitenote_active":false,"_monsterinsights_sitenote_note":"","_monsterinsights_sitenote_category":0},"product_brand":[],"product_cat":[331,336,38],"product_tag":[362],"class_list":{"0":"post-4687","1":"product","2":"type-product","3":"status-publish","4":"has-post-thumbnail","6":"product_cat-chaussures-running","7":"product_cat-enfants-chaussures-running","8":"product_cat-running","9":"product_tag-chaussures-running","10":"has-post-title","11":"has-post-date","12":"has-post-category","13":"has-post-tag","14":"has-post-comment","15":"has-post-author","16":"","18":"first","19":"instock","20":"shipping-taxable","21":"purchasable","22":"product-type-variable"},"aioseo_notices":[],"builder_content":"","_links":{"self":[{"href":"https:\/\/dynamicshot.fr\/index.php?rest_route=\/wp\/v2\/product\/4687","targetHints":{"allow":["GET"]}}],"collection":[{"href":"https:\/\/dynamicshot.fr\/index.php?rest_route=\/wp\/v2\/product"}],"about":[{"href":"https:\/\/dynamicshot.fr\/index.php?rest_route=\/wp\/v2\/types\/product"}],"replies":[{"embeddable":true,"href":"https:\/\/dynamicshot.fr\/index.php?rest_route=%2Fwp%2Fv2%2Fcomments&post=4687"}],"wp:featuredmedia":[{"embeddable":true,"href":"https:\/\/dynamicshot.fr\/index.php?rest_route=\/wp\/v2\/media\/4694"}],"wp:attachment":[{"href":"https:\/\/dynamicshot.fr\/index.php?rest_route=%2Fwp%2Fv2%2Fmedia&parent=4687"}],"wp:term":[{"taxonomy":"product_brand","embeddable":true,"href":"https:\/\/dynamicshot.fr\/index.php?rest_route=%2Fwp%2Fv2%2Fproduct_brand&post=4687"},{"taxonomy":"product_cat","embeddable":true,"href":"https:\/\/dynamicshot.fr\/index.php?rest_route=%2Fwp%2Fv2%2Fproduct_cat&post=4687"},{"taxonomy":"product_tag","embeddable":true,"href":"https:\/\/dynamicshot.fr\/index.php?rest_route=%2Fwp%2Fv2%2Fproduct_tag&post=4687"}],"curies":[{"name":"wp","href":"https:\/\/api.w.org\/{rel}","templated":true}]}}