{"id":4721,"date":"2024-01-18T14:51:06","date_gmt":"2024-01-18T13:51:06","guid":{"rendered":"https:\/\/dynamicshot.fr\/?post_type=product&#038;p=4721"},"modified":"2024-01-18T14:56:52","modified_gmt":"2024-01-18T13:56:52","slug":"nike-femme-react-ininity-run-flynit-3","status":"publish","type":"product","link":"https:\/\/dynamicshot.fr\/?product=nike-femme-react-ininity-run-flynit-3","title":{"rendered":"Nike Femme React Ininity Run Flynit 3"},"content":{"rendered":"<p>Nike Femme React Infinity Run Flyknit 3 &#8211; Bordeaux Clair\/Blanc\/Rose Prime\/Sangria<\/p>\n<p>Quels que soient tes objectifs pour ton run, la mission de la chaussure Nike React Infinity Run Fiyknit 3 pour Femmes en Bordeaux Clair\/Blanc\/Rose Prime\/Sangria, est de t&rsquo;aider \u00e0 les atteindre, avec une foul\u00e9e douce et stable<br \/>\nqui te permettra de continuer \u00e0 courir kilom\u00e8tre apr\u00e8s kilom\u00e8tre<\/p>\n<p>La Nike React Infinity Run Fiyknit 3 pour Femmes, est la chaussure la plus test\u00e9e de Nike et elle offre une sensation qui reste constante durant l&rsquo;entra\u00eenement sur les distances aussi bien courtes que longues. Un rembourrage<br \/>\nsuppl\u00e9mentaire a \u00e9t\u00e9 ajout\u00e9 autour du talon et de la cheville pour renforcer la sensation de soutien. La semelle interm\u00e9diaire React en forme de bascule assure une foul\u00e9e douce et r\u00e9active. La base de la chaussure est plus large<br \/>\npour plus de stabilit\u00e9 lors du contact avec le sol. La tige est d\u00e9sormais enti\u00e8rement dot\u00e9e de la technologie FIyknit, avec des zones de respirabilit\u00e9, de flexibilit\u00e9 et de maintien qui travaillent ensemble. Les cables Flywire au niveau<br \/>\nde la mi-pied verrouillent ton pied pour une sensation de s\u00e9curit\u00e9 et de maintien<\/p>\n<p>&nbsp;<\/p>\n<p>Nike<\/p>\n<p>Depuis sa premi\u00e8re apparition sur le march\u00e9 des chaussures de tennis en 1973, Nike a cr\u00e9\u00e9 les tendances qui d\u00e9finissent les chaussures que nous voyons encore aujourd\u2019hui sur les courts.<\/p>\n<p>En apportant de la couleur et de l\u2019attitude \u00e0 un sport r\u00e9put\u00e9 pour ses codes vestimentaires formels, le Swoosh a bouscul\u00e9 l\u2019ordre \u00e9tabli dans les ann\u00e9es 70 avec des chaussures inspir\u00e9es des \u201973, puis, en 1978, John McEnroe.<\/p>\n<p>Il s\u2019agit d\u2019une v\u00e9ritable r\u00e9volution dans le monde du sport, qui s\u2019est traduite par la signature d\u2019un premier contrat avec Nastas\u00e9.<br \/>\nConfiant et intransigeant, McEnroe \u00e9tait le partenaire id\u00e9al pour Nike, qui a accru son influence sur le jeu, en particulier gr\u00e2ce \u00e0 sa d\u00e9fense personnelle de la classique Air Trainer 1 dans les ann\u00e9es 80 \u2013 une chaussure qui n\u2019aurait probablement pas vu le jour s\u2019il n\u2019avait pas \u00e9t\u00e9 l\u00e0 n\u2019aurait probablement pas vu le jour s\u2019il n\u2019avait pas insist\u00e9 pour que son prototype soit transform\u00e9 en un mod\u00e8le complet.<\/p>\n<p>Apr\u00e8s McEnroe, il y a eu Agassi, Courier et Sampras. Tous trois ont cr\u00e9\u00e9 de superbes chaussures qui ont repouss\u00e9 les limites de la technologie et de l\u2019esth\u00e9tique. L\u2019Air Tech Challenge d\u2019Agassi et l\u2019Air Oscillate de Sampras b\u00e9n\u00e9ficient d\u2019une ing\u00e9nierie de pointe, tout comme Federer et Sampras.<br \/>\nde Sampras, tout comme les chaussures de Federer et de Nadal l\u2019ont fait plus r\u00e9cemment<\/p>\n<p>La chaussure embl\u00e9matique de Rafa, la Zoom Vapor Cage, est toujours disponible aujourd\u2019hui avec sa combinaison gagnante de performance et de durabilit\u00e9, tandis que la Zoom GP Turbo de Naomi Osaka suit les traces de la Flare de Serena en ouvrant la voie \u00e0 la chaussure f\u00e9minine.<br \/>\nde Serena en ouvrant la voie aux chaussures pour femmes. Ailleurs, d\u00e9couvrez la gamme NXT pour les derniers mod\u00e8les ax\u00e9s sur la technologie, ou si vous pr\u00e9f\u00e9rez quelque chose de simple, de l\u00e9ger et de confortable, la collection Lite est faite pour vous.<\/p>\n","protected":false},"excerpt":{"rendered":"<p>Nike Femme React Ininity Run Flynit 3<\/p>\n","protected":false},"featured_media":4737,"comment_status":"open","ping_status":"closed","template":"","meta":{"om_disable_all_campaigns":false,"_monsterinsights_skip_tracking":false,"_monsterinsights_sitenote_active":false,"_monsterinsights_sitenote_note":"","_monsterinsights_sitenote_category":0},"product_brand":[],"product_cat":[331,335,38],"product_tag":[362],"class_list":{"0":"post-4721","1":"product","2":"type-product","3":"status-publish","4":"has-post-thumbnail","6":"product_cat-chaussures-running","7":"product_cat-femmes-chaussures-running","8":"product_cat-running","9":"product_tag-chaussures-running","10":"has-post-title","11":"has-post-date","12":"has-post-category","13":"has-post-tag","14":"has-post-comment","15":"has-post-author","16":"","18":"first","19":"instock","20":"shipping-taxable","21":"purchasable","22":"product-type-variable"},"aioseo_notices":[],"builder_content":"","_links":{"self":[{"href":"https:\/\/dynamicshot.fr\/index.php?rest_route=\/wp\/v2\/product\/4721","targetHints":{"allow":["GET"]}}],"collection":[{"href":"https:\/\/dynamicshot.fr\/index.php?rest_route=\/wp\/v2\/product"}],"about":[{"href":"https:\/\/dynamicshot.fr\/index.php?rest_route=\/wp\/v2\/types\/product"}],"replies":[{"embeddable":true,"href":"https:\/\/dynamicshot.fr\/index.php?rest_route=%2Fwp%2Fv2%2Fcomments&post=4721"}],"wp:featuredmedia":[{"embeddable":true,"href":"https:\/\/dynamicshot.fr\/index.php?rest_route=\/wp\/v2\/media\/4737"}],"wp:attachment":[{"href":"https:\/\/dynamicshot.fr\/index.php?rest_route=%2Fwp%2Fv2%2Fmedia&parent=4721"}],"wp:term":[{"taxonomy":"product_brand","embeddable":true,"href":"https:\/\/dynamicshot.fr\/index.php?rest_route=%2Fwp%2Fv2%2Fproduct_brand&post=4721"},{"taxonomy":"product_cat","embeddable":true,"href":"https:\/\/dynamicshot.fr\/index.php?rest_route=%2Fwp%2Fv2%2Fproduct_cat&post=4721"},{"taxonomy":"product_tag","embeddable":true,"href":"https:\/\/dynamicshot.fr\/index.php?rest_route=%2Fwp%2Fv2%2Fproduct_tag&post=4721"}],"curies":[{"name":"wp","href":"https:\/\/api.w.org\/{rel}","templated":true}]}}