{"id":4755,"date":"2024-01-18T15:02:49","date_gmt":"2024-01-18T14:02:49","guid":{"rendered":"https:\/\/dynamicshot.fr\/?post_type=product&#038;p=4755"},"modified":"2024-01-18T15:07:16","modified_gmt":"2024-01-18T14:07:16","slug":"adidas-questra-2","status":"publish","type":"product","link":"https:\/\/dynamicshot.fr\/?product=adidas-questra-2","title":{"rendered":"Adidas  Questra 2"},"content":{"rendered":"<p>adidas Questar 2 pour Femme<\/p>\n<p>La adidas Questar 2 pour Femme &#8211; Blanc Ftwr\/Blanc Ftwr\/Noir est une chaussure qui vise \u00e0 te permettre de parcourir de la distance, d&rsquo;absorber les kilom\u00e8tres et de passer plus de temps en plein air, gr\u00e2ce aux atterrissages en<br \/>\ndouceur fournis par la mousse de la semelle interm\u00e9diaire Bounce sur toute la longueur.<\/p>\n<p>Offrant un confort a\u00e9r\u00e9, la tige en mesh l\u00e9ger de l&rsquo;adidas Questar 2 pour Femme ajoute \u00e9galement un soutien verrouill\u00e9 l\u00e0 o\u00f9 tu en as besoin. Une feuille TPU l\u00e9g\u00e8re et flottante offre un ajustement dynamique pour une sensa<br \/>\nqui te permet d&rsquo;aller plus loin.<\/p>\n<p>&nbsp;<\/p>\n<p>adidas<\/p>\n<p>L&rsquo;histoire des chaussures de tennis adidas modernes remonte \u00e0 1963, lorsque la marque aux trois bandes a lanc\u00e9 la premi\u00e8re chaussure en cuir jamais vue sur un court de tennis<\/p>\n<p>D\u00e9fendue par Horst, le fils du fondateur de l&rsquo;entreprise Adi Dassler, la construction robuste de la chaussure s&rsquo;\u00e9loignait consid\u00e9rablement des traditionnelles semelles en toile que la marque avait produites par le pass\u00e9.<\/p>\n<p>La plupart des joueurs de l&rsquo;\u00e9poque choisissaient toujours des chaussures \u00e0 semelles compens\u00e9es, mais les choses ont rapidement chang\u00e9 lorsqu&rsquo;Adi a recrut\u00e9 le joueur professionnel fran\u00e7ais Robert Hail pour lui montrer le potentiel de la chaussure.<\/p>\n<p>pour montrer le potentiel de la chaussure au monde entier.<\/p>\n<p>Le joueur fran\u00e7ais Robert Hail + a \u00e9t\u00e9 choisi pour porter leur nouvelle cr\u00e9ation, en inscrivant son visage sur la languette et en envoyant le logo de la marque sur la chaussure.<\/p>\n<p>Cela vous rappelle quelque chose ? C&rsquo;est exact, la Haillet est devenue la l\u00e9gendaire Stan Smith, l&rsquo;Am\u00e9ricain rempla\u00e7ant le Fran\u00e7ais qui venait de prendre sa retraite en 1971<\/p>\n<p>Depuis lors, adidas n&rsquo;a cess\u00e9 d&rsquo;innover et de faire appel \u00e0 des stars. Des chaussures sign\u00e9es Rod Laver et Bilie Jean King aux partenariats de design avec Stella McCartney et Pharrell<\/p>\n<p>Williams, adidas a toujours \u00e9tabli la norme en mati\u00e8re de performance et de style<\/p>\n","protected":false},"excerpt":{"rendered":"<p>Adidas Questra 2<\/p>\n","protected":false},"featured_media":4765,"comment_status":"open","ping_status":"closed","template":"","meta":{"om_disable_all_campaigns":false,"_monsterinsights_skip_tracking":false,"_monsterinsights_sitenote_active":false,"_monsterinsights_sitenote_note":"","_monsterinsights_sitenote_category":0},"product_brand":[],"product_cat":[331,335,38],"product_tag":[362],"class_list":{"0":"post-4755","1":"product","2":"type-product","3":"status-publish","4":"has-post-thumbnail","6":"product_cat-chaussures-running","7":"product_cat-femmes-chaussures-running","8":"product_cat-running","9":"product_tag-chaussures-running","10":"has-post-title","11":"has-post-date","12":"has-post-category","13":"has-post-tag","14":"has-post-comment","15":"has-post-author","16":"","18":"first","19":"instock","20":"shipping-taxable","21":"purchasable","22":"product-type-variable"},"aioseo_notices":[],"builder_content":"","_links":{"self":[{"href":"https:\/\/dynamicshot.fr\/index.php?rest_route=\/wp\/v2\/product\/4755","targetHints":{"allow":["GET"]}}],"collection":[{"href":"https:\/\/dynamicshot.fr\/index.php?rest_route=\/wp\/v2\/product"}],"about":[{"href":"https:\/\/dynamicshot.fr\/index.php?rest_route=\/wp\/v2\/types\/product"}],"replies":[{"embeddable":true,"href":"https:\/\/dynamicshot.fr\/index.php?rest_route=%2Fwp%2Fv2%2Fcomments&post=4755"}],"wp:featuredmedia":[{"embeddable":true,"href":"https:\/\/dynamicshot.fr\/index.php?rest_route=\/wp\/v2\/media\/4765"}],"wp:attachment":[{"href":"https:\/\/dynamicshot.fr\/index.php?rest_route=%2Fwp%2Fv2%2Fmedia&parent=4755"}],"wp:term":[{"taxonomy":"product_brand","embeddable":true,"href":"https:\/\/dynamicshot.fr\/index.php?rest_route=%2Fwp%2Fv2%2Fproduct_brand&post=4755"},{"taxonomy":"product_cat","embeddable":true,"href":"https:\/\/dynamicshot.fr\/index.php?rest_route=%2Fwp%2Fv2%2Fproduct_cat&post=4755"},{"taxonomy":"product_tag","embeddable":true,"href":"https:\/\/dynamicshot.fr\/index.php?rest_route=%2Fwp%2Fv2%2Fproduct_tag&post=4755"}],"curies":[{"name":"wp","href":"https:\/\/api.w.org\/{rel}","templated":true}]}}