{"id":4769,"date":"2024-01-18T15:08:13","date_gmt":"2024-01-18T14:08:13","guid":{"rendered":"https:\/\/dynamicshot.fr\/?post_type=product&#038;p=4769"},"modified":"2024-01-18T15:12:51","modified_gmt":"2024-01-18T14:12:51","slug":"adidas-galaxy-6","status":"publish","type":"product","link":"https:\/\/dynamicshot.fr\/?product=adidas-galaxy-6","title":{"rendered":"Adidas Galaxy 6"},"content":{"rendered":"<p>adidas Galaxy 6<\/p>\n<p>Ces chaussures de course de tous les jours sont con\u00e7ues pour r\u00e9sister aux rigueurs d&rsquo;une utilisation quotidienne, alors enfile la adidas Galaxy 6 &#8211; Noir\/Citron Lucide\/Noir Bleu M\u00e9t. et pars sur ton chemin, que tu les portes pour courir o\u00f9 que tu te rendes en ville.<\/p>\n<p>L&rsquo;adidas Galaxy 6 offre un confort tout au long de la journ\u00e9e en m\u00e9langeant deux ingr\u00e9dients sous le pied. Une semelle int\u00e9rieure Ortholite offre un confort imm\u00e9diat et un amorti am\u00e9lior\u00e9, ainsi que des propri\u00e9t\u00e9s antimicrobiennes<\/p>\n<p>qui aident \u00e0 r\u00e9duire les mauve<\/p>\n<p>es odeurs. L&rsquo;amorti Cloudfoam dans la semelle interm\u00e9diaire est con\u00e7u pour une d\u00e9marche ultra douce avec un amort sup\u00e9rieur, offrant un confort de l&rsquo;entr\u00e9e \u00e0 la foul\u00e9e. L&#8217;empeigne en mesh<br \/>\na\u00e9r\u00e9 aide \u00e0 garder tes pieds au frais et utilise au moins 50 % de contenu recycl\u00e9, tandis qu&rsquo;une semelle ext\u00e9rieure en caoutchouc offre une traction sur toutes les surfaces, de l&rsquo;herbe mouill\u00e9e au b\u00e9ton<\/p>\n<p>&nbsp;<\/p>\n<p>adidas<\/p>\n<p>L&rsquo;histoire des chaussures de tennis adidas modernes remonte \u00e0 1963, lorsque la marque aux trois bandes a lanc\u00e9 la premi\u00e8re chaussure en cuir jamais vue sur un court de tennis<\/p>\n<p>D\u00e9fendue par Horst, le fils du fondateur de l&rsquo;entreprise Adi Dassler, la construction robuste de la chaussure s&rsquo;\u00e9loignait consid\u00e9rablement des traditionnelles semelles en toile que la marque avait produites par le pass\u00e9.<\/p>\n<p>La plupart des joueurs de l&rsquo;\u00e9poque choisissaient toujours des chaussures \u00e0 semelles compens\u00e9es, mais les choses ont rapidement chang\u00e9 lorsqu&rsquo;Adi a recrut\u00e9 le joueur professionnel fran\u00e7ais Robert Hail pour lui montrer le potentiel de la chaussure.<\/p>\n<p>pour montrer le potentiel de la chaussure au monde entier.<\/p>\n<p>Le joueur fran\u00e7ais Robert Hail + a \u00e9t\u00e9 choisi pour porter leur nouvelle cr\u00e9ation, en inscrivant son visage sur la languette et en envoyant le logo de la marque sur la chaussure.<\/p>\n<p>Cela vous rappelle quelque chose ? C&rsquo;est exact, la Haillet est devenue la l\u00e9gendaire Stan Smith, l&rsquo;Am\u00e9ricain rempla\u00e7ant le Fran\u00e7ais qui venait de prendre sa retraite en 1971<\/p>\n<p>Depuis lors, adidas n&rsquo;a cess\u00e9 d&rsquo;innover et de faire appel \u00e0 des stars. Des chaussures sign\u00e9es Rod Laver et Bilie Jean King aux partenariats de design avec Stella McCartney et Pharrell<\/p>\n<p>Williams, adidas a toujours \u00e9tabli la norme en mati\u00e8re de performance et de style<\/p>\n","protected":false},"excerpt":{"rendered":"<p>Adidas Galaxy 6<\/p>\n","protected":false},"featured_media":4779,"comment_status":"open","ping_status":"closed","template":"","meta":{"om_disable_all_campaigns":false,"_monsterinsights_skip_tracking":false,"_monsterinsights_sitenote_active":false,"_monsterinsights_sitenote_note":"","_monsterinsights_sitenote_category":0},"product_brand":[],"product_cat":[331,334,38],"product_tag":[362],"class_list":{"0":"post-4769","1":"product","2":"type-product","3":"status-publish","4":"has-post-thumbnail","6":"product_cat-chaussures-running","7":"product_cat-hommes-chaussures-running","8":"product_cat-running","9":"product_tag-chaussures-running","10":"has-post-title","11":"has-post-date","12":"has-post-category","13":"has-post-tag","14":"has-post-comment","15":"has-post-author","16":"","18":"first","19":"instock","20":"shipping-taxable","21":"purchasable","22":"product-type-variable"},"aioseo_notices":[],"builder_content":"","_links":{"self":[{"href":"https:\/\/dynamicshot.fr\/index.php?rest_route=\/wp\/v2\/product\/4769","targetHints":{"allow":["GET"]}}],"collection":[{"href":"https:\/\/dynamicshot.fr\/index.php?rest_route=\/wp\/v2\/product"}],"about":[{"href":"https:\/\/dynamicshot.fr\/index.php?rest_route=\/wp\/v2\/types\/product"}],"replies":[{"embeddable":true,"href":"https:\/\/dynamicshot.fr\/index.php?rest_route=%2Fwp%2Fv2%2Fcomments&post=4769"}],"wp:featuredmedia":[{"embeddable":true,"href":"https:\/\/dynamicshot.fr\/index.php?rest_route=\/wp\/v2\/media\/4779"}],"wp:attachment":[{"href":"https:\/\/dynamicshot.fr\/index.php?rest_route=%2Fwp%2Fv2%2Fmedia&parent=4769"}],"wp:term":[{"taxonomy":"product_brand","embeddable":true,"href":"https:\/\/dynamicshot.fr\/index.php?rest_route=%2Fwp%2Fv2%2Fproduct_brand&post=4769"},{"taxonomy":"product_cat","embeddable":true,"href":"https:\/\/dynamicshot.fr\/index.php?rest_route=%2Fwp%2Fv2%2Fproduct_cat&post=4769"},{"taxonomy":"product_tag","embeddable":true,"href":"https:\/\/dynamicshot.fr\/index.php?rest_route=%2Fwp%2Fv2%2Fproduct_tag&post=4769"}],"curies":[{"name":"wp","href":"https:\/\/api.w.org\/{rel}","templated":true}]}}