{"id":4792,"date":"2024-01-18T15:13:55","date_gmt":"2024-01-18T14:13:55","guid":{"rendered":"https:\/\/dynamicshot.fr\/?post_type=product&#038;p=4792"},"modified":"2024-01-18T15:17:43","modified_gmt":"2024-01-18T14:17:43","slug":"adidas-duramo-10","status":"publish","type":"product","link":"https:\/\/dynamicshot.fr\/?product=adidas-duramo-10","title":{"rendered":"Adidas Duramo 10"},"content":{"rendered":"<p>adidas Duramo 10<\/p>\n<p>Ajoute un classique polyvalent \u00e0 ta rotation de baskets avec les adidas Duramo 10 &#8211; Noir\/Blanc FtwriNoir, la basket con\u00e7ue pour l&rsquo;accompagner d&rsquo;une s\u00e9ance de gym matinale \u00e0 une soir\u00e9e entre amis dans un confort et un style sup\u00e9rieurs<\/p>\n<p>Con\u00e7ue pour ton confort et le c\u00f4t\u00e9 pratique, l&rsquo;adidas Duramo 10 arbore une tige en mesh qui am\u00e9liore la respirabilit\u00e9 pour vte permettre de rester au frais, tandis qu&rsquo;un amont ultra l\u00e9ger sous le pied offre un soutien doux \u00e0 chaque pas. Fabriqu\u00e9e avec une s\u00e9rie de mat\u00e9riaux recycl\u00e9s, cette tige contient au moins 50 % de contenu recycl\u00e9. Ce produit ne repr\u00e9sente qu&rsquo;une \u00e9tape prise par adidas pour mettre fin aux d\u00e9chets plastiques.<\/p>\n<p>&nbsp;<\/p>\n<p>adidas<\/p>\n<p>L&rsquo;histoire des chaussures de tennis adidas modernes remonte \u00e0 1963, lorsque la marque aux trois bandes a lanc\u00e9 la premi\u00e8re chaussure en cuir jamais vue sur un court de tennis<\/p>\n<p>D\u00e9fendue par Horst, le fils du fondateur de l&rsquo;entreprise Adi Dassler, la construction robuste de la chaussure s&rsquo;\u00e9loignait consid\u00e9rablement des traditionnelles semelles en toile que la marque avait produites par le pass\u00e9.<\/p>\n<p>La plupart des joueurs de l&rsquo;\u00e9poque choisissaient toujours des chaussures \u00e0 semelles compens\u00e9es, mais les choses ont rapidement chang\u00e9 lorsqu&rsquo;Adi a recrut\u00e9 le joueur professionnel fran\u00e7ais Robert Hail pour lui montrer le potentiel de la chaussure.<\/p>\n<p>pour montrer le potentiel de la chaussure au monde entier.<\/p>\n<p>Le joueur fran\u00e7ais Robert Hail + a \u00e9t\u00e9 choisi pour porter leur nouvelle cr\u00e9ation, en inscrivant son visage sur la languette et en envoyant le logo de la marque sur la chaussure.<\/p>\n<p>Cela vous rappelle quelque chose ? C&rsquo;est exact, la Haillet est devenue la l\u00e9gendaire Stan Smith, l&rsquo;Am\u00e9ricain rempla\u00e7ant le Fran\u00e7ais qui venait de prendre sa retraite en 1971<\/p>\n<p>Depuis lors, adidas n&rsquo;a cess\u00e9 d&rsquo;innover et de faire appel \u00e0 des stars. Des chaussures sign\u00e9es Rod Laver et Bilie Jean King aux partenariats de design avec Stella McCartney et Pharrell<\/p>\n<p>Williams, adidas a toujours \u00e9tabli la norme en mati\u00e8re de performance et de style<\/p>\n","protected":false},"excerpt":{"rendered":"<p>Adidas Duramo 10<\/p>\n","protected":false},"featured_media":4796,"comment_status":"open","ping_status":"closed","template":"","meta":{"om_disable_all_campaigns":false,"_monsterinsights_skip_tracking":false,"_monsterinsights_sitenote_active":false,"_monsterinsights_sitenote_note":"","_monsterinsights_sitenote_category":0},"product_brand":[],"product_cat":[331,334,38],"product_tag":[362],"class_list":{"0":"post-4792","1":"product","2":"type-product","3":"status-publish","4":"has-post-thumbnail","6":"product_cat-chaussures-running","7":"product_cat-hommes-chaussures-running","8":"product_cat-running","9":"product_tag-chaussures-running","10":"has-post-title","11":"has-post-date","12":"has-post-category","13":"has-post-tag","14":"has-post-comment","15":"has-post-author","16":"","18":"first","19":"instock","20":"shipping-taxable","21":"purchasable","22":"product-type-variable"},"aioseo_notices":[],"builder_content":"","_links":{"self":[{"href":"https:\/\/dynamicshot.fr\/index.php?rest_route=\/wp\/v2\/product\/4792","targetHints":{"allow":["GET"]}}],"collection":[{"href":"https:\/\/dynamicshot.fr\/index.php?rest_route=\/wp\/v2\/product"}],"about":[{"href":"https:\/\/dynamicshot.fr\/index.php?rest_route=\/wp\/v2\/types\/product"}],"replies":[{"embeddable":true,"href":"https:\/\/dynamicshot.fr\/index.php?rest_route=%2Fwp%2Fv2%2Fcomments&post=4792"}],"wp:featuredmedia":[{"embeddable":true,"href":"https:\/\/dynamicshot.fr\/index.php?rest_route=\/wp\/v2\/media\/4796"}],"wp:attachment":[{"href":"https:\/\/dynamicshot.fr\/index.php?rest_route=%2Fwp%2Fv2%2Fmedia&parent=4792"}],"wp:term":[{"taxonomy":"product_brand","embeddable":true,"href":"https:\/\/dynamicshot.fr\/index.php?rest_route=%2Fwp%2Fv2%2Fproduct_brand&post=4792"},{"taxonomy":"product_cat","embeddable":true,"href":"https:\/\/dynamicshot.fr\/index.php?rest_route=%2Fwp%2Fv2%2Fproduct_cat&post=4792"},{"taxonomy":"product_tag","embeddable":true,"href":"https:\/\/dynamicshot.fr\/index.php?rest_route=%2Fwp%2Fv2%2Fproduct_tag&post=4792"}],"curies":[{"name":"wp","href":"https:\/\/api.w.org\/{rel}","templated":true}]}}