{"id":4801,"date":"2024-01-18T15:17:58","date_gmt":"2024-01-18T14:17:58","guid":{"rendered":"https:\/\/dynamicshot.fr\/?post_type=product&#038;p=4801"},"modified":"2024-01-18T15:22:30","modified_gmt":"2024-01-18T14:22:30","slug":"adidas-supernova-2","status":"publish","type":"product","link":"https:\/\/dynamicshot.fr\/?product=adidas-supernova-2","title":{"rendered":"Adidas Supernova 2"},"content":{"rendered":"<p>adidas Supernova 2<\/p>\n<p>La adidas Supemova 2 &#8211; Blanc Ftwr\/Bleu Lucide\/Fuchsia Lucide est ax\u00e9e sur deux passions, le confort pour ton run, et une empreinte carbone moins \u00e9lev\u00e9e pour une durabilit\u00e9 am\u00e9lior\u00e9e. Alors, enfile une paire et sois \u00e0 l&rsquo;aise dans ton corps, ton esprit et ton \u00e2me.<\/p>\n<p>Avec plus de propulsion que jamais dans la semelle interm\u00e9diaire, la adidas Supemova 2 a un m\u00e9lange parfaitement \u00e9quilibr\u00e9 des mousses Bounce et Boost pour un confort am\u00e9lior\u00e9 sous les pieds. La tige est aussi am\u00e9lior\u00e9e, avec une nouvelle languette rembourr\u00e9e et une construction patch au talon pour plus de confort \u00e0 chaque pas. Avec une empreinte carbone moins \u00e9lev\u00e9e de 12 % par rapport \u00e0 la Supernova de 2020, adidas travaille dur pour \u00eatre plus respectueux de l&rsquo;environnement. En calculant et en communiquant l&#8217;empreinte carbone d\u00e8s l&rsquo;extraction des mati\u00e8res brutes, en passant par le traitement, l&#8217;emballage jusqu&rsquo;\u00e0 la fin de vie des produits, ils peuvent poursuivre leurs efforts pour am\u00e9liorer et \u00eatre tenus responsables alors qu&rsquo;ils adh\u00e9rent \u00e0 la norme ISO 14067 reconnue internationalement<\/p>\n<p>&nbsp;<\/p>\n<p>adidas<\/p>\n<p>L&rsquo;histoire des chaussures de tennis adidas modernes remonte \u00e0 1963, lorsque la marque aux trois bandes a lanc\u00e9 la premi\u00e8re chaussure en cuir jamais vue sur un court de tennis<\/p>\n<p>D\u00e9fendue par Horst, le fils du fondateur de l&rsquo;entreprise Adi Dassler, la construction robuste de la chaussure s&rsquo;\u00e9loignait consid\u00e9rablement des traditionnelles semelles en toile que la marque avait produites par le pass\u00e9.<\/p>\n<p>La plupart des joueurs de l&rsquo;\u00e9poque choisissaient toujours des chaussures \u00e0 semelles compens\u00e9es, mais les choses ont rapidement chang\u00e9 lorsqu&rsquo;Adi a recrut\u00e9 le joueur professionnel fran\u00e7ais Robert Hail pour lui montrer le potentiel de la chaussure.<\/p>\n<p>pour montrer le potentiel de la chaussure au monde entier.<\/p>\n<p>Le joueur fran\u00e7ais Robert Hail + a \u00e9t\u00e9 choisi pour porter leur nouvelle cr\u00e9ation, en inscrivant son visage sur la languette et en envoyant le logo de la marque sur la chaussure.<\/p>\n<p>Cela vous rappelle quelque chose ? C&rsquo;est exact, la Haillet est devenue la l\u00e9gendaire Stan Smith, l&rsquo;Am\u00e9ricain rempla\u00e7ant le Fran\u00e7ais qui venait de prendre sa retraite en 1971<\/p>\n<p>Depuis lors, adidas n&rsquo;a cess\u00e9 d&rsquo;innover et de faire appel \u00e0 des stars. Des chaussures sign\u00e9es Rod Laver et Bilie Jean King aux partenariats de design avec Stella McCartney et Pharrell<\/p>\n<p>Williams, adidas a toujours \u00e9tabli la norme en mati\u00e8re de performance et de style<\/p>\n","protected":false},"excerpt":{"rendered":"<p>Adidas Supernova 2<\/p>\n","protected":false},"featured_media":4805,"comment_status":"open","ping_status":"closed","template":"","meta":{"om_disable_all_campaigns":false,"_monsterinsights_skip_tracking":false,"_monsterinsights_sitenote_active":false,"_monsterinsights_sitenote_note":"","_monsterinsights_sitenote_category":0},"product_brand":[],"product_cat":[331,334,38],"product_tag":[362],"class_list":{"0":"post-4801","1":"product","2":"type-product","3":"status-publish","4":"has-post-thumbnail","6":"product_cat-chaussures-running","7":"product_cat-hommes-chaussures-running","8":"product_cat-running","9":"product_tag-chaussures-running","10":"has-post-title","11":"has-post-date","12":"has-post-category","13":"has-post-tag","14":"has-post-comment","15":"has-post-author","16":"","18":"first","19":"instock","20":"shipping-taxable","21":"purchasable","22":"product-type-variable"},"aioseo_notices":[],"builder_content":"","_links":{"self":[{"href":"https:\/\/dynamicshot.fr\/index.php?rest_route=\/wp\/v2\/product\/4801","targetHints":{"allow":["GET"]}}],"collection":[{"href":"https:\/\/dynamicshot.fr\/index.php?rest_route=\/wp\/v2\/product"}],"about":[{"href":"https:\/\/dynamicshot.fr\/index.php?rest_route=\/wp\/v2\/types\/product"}],"replies":[{"embeddable":true,"href":"https:\/\/dynamicshot.fr\/index.php?rest_route=%2Fwp%2Fv2%2Fcomments&post=4801"}],"wp:featuredmedia":[{"embeddable":true,"href":"https:\/\/dynamicshot.fr\/index.php?rest_route=\/wp\/v2\/media\/4805"}],"wp:attachment":[{"href":"https:\/\/dynamicshot.fr\/index.php?rest_route=%2Fwp%2Fv2%2Fmedia&parent=4801"}],"wp:term":[{"taxonomy":"product_brand","embeddable":true,"href":"https:\/\/dynamicshot.fr\/index.php?rest_route=%2Fwp%2Fv2%2Fproduct_brand&post=4801"},{"taxonomy":"product_cat","embeddable":true,"href":"https:\/\/dynamicshot.fr\/index.php?rest_route=%2Fwp%2Fv2%2Fproduct_cat&post=4801"},{"taxonomy":"product_tag","embeddable":true,"href":"https:\/\/dynamicshot.fr\/index.php?rest_route=%2Fwp%2Fv2%2Fproduct_tag&post=4801"}],"curies":[{"name":"wp","href":"https:\/\/api.w.org\/{rel}","templated":true}]}}