{"id":4813,"date":"2024-01-18T15:28:51","date_gmt":"2024-01-18T14:28:51","guid":{"rendered":"https:\/\/dynamicshot.fr\/?post_type=product&#038;p=4813"},"modified":"2026-02-01T16:00:21","modified_gmt":"2026-02-01T15:00:21","slug":"nike-air-zoom-pegasus-40-2","status":"publish","type":"product","link":"https:\/\/dynamicshot.fr\/?product=nike-air-zoom-pegasus-40-2","title":{"rendered":"Nike Air Zoom Pegasus 40"},"content":{"rendered":"<p>Nike Air Zoom Pegasus 39<\/p>\n<p>La Nike Pegasus 39 &#8211; Noir\/Blanc\/Ardoise Cendr\u00e9\/Cobalt Bonheur est la chaussure de course la plus vendue de Nike de tous les temps et il y a une bonne raison \u00e0 cela, apr\u00e8s pr\u00e8s de 40 ans, la chaussure est de retour, pour un meilleur confort sur et sous le pied.<\/p>\n<p>La Nike Pegasus 39 te fait atteindre de nouveaux sommets, que ce soit pour les courses longues, les sprints ou les chronos rapides. la Pegasus a \u00e9t\u00e9 con\u00e7ue pour t&rsquo;aider \u00e0 atteindre tes objectifs. Le rembourrage suppl\u00e9mentaire au niveau de la languette et du col assure un confort instantan\u00e9 tandis que la nouvelle tige en mesh technique est plus r\u00e9sistante et plus souple, offrant une respirabilit\u00e9 l\u00e9g\u00e8re. Une bande au milieu du pied int\u00e9g\u00e8re la technologie Fiywire assurant le maintien optimal de ton pied. Sous le pied, la mousse react r\u00e9active est utilis\u00e9 pour donner une foul\u00e9e l\u00e9g\u00e8re mais durable. La version 39 est dot\u00e9e d&rsquo;une unit\u00e9 Zoom Air \u00e0 l&rsquo;avant-pied et au talon, pour une touche suppl\u00e9mentaire de retour d&rsquo;\u00e9nergie. La forme du talon est con\u00e7ue pour optimiser les r\u00e9ceptions, pour des transitions naturelles du talon \u00e0 la pointe du pied.<\/p>\n<p>&nbsp;<\/p>\n<p>Nike<\/p>\n<p>Depuis sa premi\u00e8re apparition sur le march\u00e9 des chaussures de tennis en 1973, Nike a cr\u00e9\u00e9 les tendances qui d\u00e9finissent les chaussures que nous voyons encore aujourd\u2019hui sur les courts.<\/p>\n<p>En apportant de la couleur et de l\u2019attitude \u00e0 un sport r\u00e9put\u00e9 pour ses codes vestimentaires formels, le Swoosh a bouscul\u00e9 l\u2019ordre \u00e9tabli dans les ann\u00e9es 70 avec des chaussures inspir\u00e9es des \u201973, puis, en 1978, John McEnroe.<\/p>\n<p>Il s\u2019agit d\u2019une v\u00e9ritable r\u00e9volution dans le monde du sport, qui s\u2019est traduite par la signature d\u2019un premier contrat avec Nastas\u00e9.<br \/>\nConfiant et intransigeant, McEnroe \u00e9tait le partenaire id\u00e9al pour Nike, qui a accru son influence sur le jeu, en particulier gr\u00e2ce \u00e0 sa d\u00e9fense personnelle de la classique Air Trainer 1 dans les ann\u00e9es 80 \u2013 une chaussure qui n\u2019aurait probablement pas vu le jour s\u2019il n\u2019avait pas \u00e9t\u00e9 l\u00e0 n\u2019aurait probablement pas vu le jour s\u2019il n\u2019avait pas insist\u00e9 pour que son prototype soit transform\u00e9 en un mod\u00e8le complet.<\/p>\n<p>Apr\u00e8s McEnroe, il y a eu Agassi, Courier et Sampras. Tous trois ont cr\u00e9\u00e9 de superbes chaussures qui ont repouss\u00e9 les limites de la technologie et de l\u2019esth\u00e9tique. L\u2019Air Tech Challenge d\u2019Agassi et l\u2019Air Oscillate de Sampras b\u00e9n\u00e9ficient d\u2019une ing\u00e9nierie de pointe, tout comme Federer et Sampras.<br \/>\nde Sampras, tout comme les chaussures de Federer et de Nadal l\u2019ont fait plus r\u00e9cemment<\/p>\n<p>La chaussure embl\u00e9matique de Rafa, la Zoom Vapor Cage, est toujours disponible aujourd\u2019hui avec sa combinaison gagnante de performance et de durabilit\u00e9, tandis que la Zoom GP Turbo de Naomi Osaka suit les traces de la Flare de Serena en ouvrant la voie \u00e0 la chaussure f\u00e9minine.<br \/>\nde Serena en ouvrant la voie aux chaussures pour femmes. Ailleurs, d\u00e9couvrez la gamme NXT pour les derniers mod\u00e8les ax\u00e9s sur la technologie, ou si vous pr\u00e9f\u00e9rez quelque chose de simple, de l\u00e9ger et de confortable, la collection Lite est faite pour vous.<\/p>\n","protected":false},"excerpt":{"rendered":"<p>Nike Air Zoom Pegasus 40<\/p>\n","protected":false},"featured_media":4822,"comment_status":"open","ping_status":"closed","template":"","meta":{"om_disable_all_campaigns":false,"_monsterinsights_skip_tracking":false,"_monsterinsights_sitenote_active":false,"_monsterinsights_sitenote_note":"","_monsterinsights_sitenote_category":0},"product_brand":[],"product_cat":[331,334,38],"product_tag":[362],"class_list":{"0":"post-4813","1":"product","2":"type-product","3":"status-publish","4":"has-post-thumbnail","6":"product_cat-chaussures-running","7":"product_cat-hommes-chaussures-running","8":"product_cat-running","9":"product_tag-chaussures-running","10":"has-post-title","11":"has-post-date","12":"has-post-category","13":"has-post-tag","14":"has-post-comment","15":"has-post-author","16":"","18":"first","19":"instock","20":"shipping-taxable","21":"purchasable","22":"product-type-variable"},"aioseo_notices":[],"builder_content":"","_links":{"self":[{"href":"https:\/\/dynamicshot.fr\/index.php?rest_route=\/wp\/v2\/product\/4813","targetHints":{"allow":["GET"]}}],"collection":[{"href":"https:\/\/dynamicshot.fr\/index.php?rest_route=\/wp\/v2\/product"}],"about":[{"href":"https:\/\/dynamicshot.fr\/index.php?rest_route=\/wp\/v2\/types\/product"}],"replies":[{"embeddable":true,"href":"https:\/\/dynamicshot.fr\/index.php?rest_route=%2Fwp%2Fv2%2Fcomments&post=4813"}],"wp:featuredmedia":[{"embeddable":true,"href":"https:\/\/dynamicshot.fr\/index.php?rest_route=\/wp\/v2\/media\/4822"}],"wp:attachment":[{"href":"https:\/\/dynamicshot.fr\/index.php?rest_route=%2Fwp%2Fv2%2Fmedia&parent=4813"}],"wp:term":[{"taxonomy":"product_brand","embeddable":true,"href":"https:\/\/dynamicshot.fr\/index.php?rest_route=%2Fwp%2Fv2%2Fproduct_brand&post=4813"},{"taxonomy":"product_cat","embeddable":true,"href":"https:\/\/dynamicshot.fr\/index.php?rest_route=%2Fwp%2Fv2%2Fproduct_cat&post=4813"},{"taxonomy":"product_tag","embeddable":true,"href":"https:\/\/dynamicshot.fr\/index.php?rest_route=%2Fwp%2Fv2%2Fproduct_tag&post=4813"}],"curies":[{"name":"wp","href":"https:\/\/api.w.org\/{rel}","templated":true}]}}