{"id":6560,"date":"2025-07-22T10:47:48","date_gmt":"2025-07-22T08:47:48","guid":{"rendered":"https:\/\/dynamicshot.fr\/?product=maillot-domicile-chelsea-fc-2025-2026-flocage-gratuit-copy"},"modified":"2025-10-17T18:37:47","modified_gmt":"2025-10-17T16:37:47","slug":"maillot-domicile-arsenal-fc-flocage-gratuit-2-4","status":"publish","type":"product","link":"https:\/\/dynamicshot.fr\/?product=maillot-domicile-arsenal-fc-flocage-gratuit-2-4","title":{"rendered":"Maillot Domicile Aston Villa 2025-2026  (Flocage Gratuit)"},"content":{"rendered":"<p style=\"font-weight: 400;\">Unboxing des maillots sur YOUTUBE le nom de la chaine\u00a0 Dynamicshotfr (Abonn\u00e9-vous, je fais gagner le maillot qui est en Unboxing).<\/p>\n<p style=\"font-weight: 400;\">Marque du maillot c&rsquo;est ADIDAS.<\/p>\n<p style=\"font-weight: 400;\">Vous en avez marre de payer une blinde vos maillots de foot\u00a0et de basket ?<\/p>\n<p style=\"font-weight: 400;\">Alors vous \u00eates au bon endroit.<\/p>\n<p>&nbsp;<\/p>\n<p style=\"font-weight: 400;\"><strong><u>I- Avant-propos<\/u><\/strong>\u00a0:<\/p>\n<p style=\"font-weight: 400;\">&#8211;\u00a0\u00a0\u00a0\u00a0\u00a0\u00a0\u00a0\u00a0<strong>Tous nos maillots sont 100% satisfaits ou rembours\u00e9s sous condition (lire plus bas)<\/strong><\/p>\n<p style=\"font-weight: 400;\">&#8211;\u00a0\u00a0\u00a0\u00a0\u00a0\u00a0\u00a0\u00a0<strong>5\u20ac sont revers\u00e9s sur chaque maillot achet\u00e9 \u00e0 l\u2019association EBA SALOMON (association humanitaire en France et dans le monde)<\/strong><\/p>\n<p style=\"font-weight: 400;\">&#8211;\u00a0\u00a0\u00a0\u00a0\u00a0\u00a0\u00a0\u00a0<strong>Tous les anciens clients b\u00e9n\u00e9ficient d\u2019avantages et de cadeaux tout au long de l\u2019ann\u00e9e donc restez fid\u00e8le.<\/strong><\/p>\n<p style=\"font-weight: 400;\">&#8211;\u00a0\u00a0\u00a0\u00a0\u00a0\u00a0\u00a0\u00a0<strong>Tous nos maillots sont faits \u00e0 la commande, nous n\u2019avons pas de stock \u00e7a permet de garder les prix bas (En dessous de 50\u20ac).<\/strong><\/p>\n<p style=\"font-weight: 400;\"><strong>Lisez les question r\u00e9ponses en bas de page ou sinon contactez-moi boutique ouverte 7Jours\/7. R\u00e9ponse maximum dans les 4h.<\/strong><\/p>\n<p style=\"font-weight: 400;\"><strong>Nous avons un taux de satisfaction de plus de 95%, ce qui est juste extraordinaire. Merci \u00e0 tous ceux nous permettent de lutter contre cette inflation ind\u00e9cente, le football est un sport populaire et ses prix doivent \u00e9galement le rester.<\/strong><\/p>\n<p style=\"font-weight: 400;\">Bonjour,<\/p>\n<p style=\"font-weight: 400;\">Je suis Yves et bienvenue dans ma boutique en ligne Dynamicshot grand passionn\u00e9 de sport et vendeur de maillot sur le net depuis pr\u00e8s de 3 ans, je vous offre le meilleur rapport qualit\u00e9-prix du march\u00e9 et une exp\u00e9rience d\u2019achat hors du commun.<\/p>\n<p style=\"font-weight: 400;\"><strong><u>ATTENTION<\/u><\/strong><u>\u00a0<\/u>:<\/p>\n<p style=\"font-weight: 400;\">J\u2019ai 2 informations \u00e0 partager avec vous<\/p>\n<p style=\"font-weight: 400;\">1-\u00a0 \u00a0\u00a0Pour f\u00eater les 3 ans d\u2019existence de la boutique et comme chaque ann\u00e9e maintenant, un bon d\u2019achat de\u00a0200\u20ac sur Amazon\u00a0est \u00e0 gagner par tirage au sort, chaque commande pass\u00e9e vous donne droit \u00e0 un ticket gratuit. Le tirage aura lieu le\u00a0<strong>20 d\u00e9cembre 2025<\/strong>\u00a0qui est la date anniversaire de la cr\u00e9ation de la boutique.<\/p>\n<p style=\"font-weight: 400;\">2-\u00a0\u00a0\u00a0\u00a0\u00a0En plus de cela vous avez la possibilit\u00e9 de vous faire rembourser votre maillot gr\u00e2ce au programme \u00ab cashback bankroll \u00bb de notre partenaire le seul comparateur de bookmaker mondiaux le site\u00a0<strong>CHRISTY-LEBLACK.COM<\/strong>\u00a0pour en savoir plus me contacter apr\u00e8s l\u2019achat.<\/p>\n<p style=\"font-weight: 400;\">Vous trouverez dans mon catalogue cette ann\u00e9e le nouveau maillot de\u00a0<b style=\"font-weight: 400;\">l\u2019\u00e9quipe d&rsquo;Aston Villa <\/b><b style=\"font-weight: 400;\">\u00a0SAISON 2025-2026 <\/b>(Domicile)<\/p>\n<p style=\"font-weight: 400;\">Avec les options suivantes\u00a0:<\/p>\n<p style=\"font-weight: 400;\">&#8211;\u00a0\u00a0\u00a0\u00a0\u00a0\u00a0\u00a0\u00a0\u00a0Flocage de votre choix (gratuit et personnalisable)<\/p>\n<p style=\"font-weight: 400;\">&#8211;\u00a0\u00a0\u00a0\u00a0\u00a0\u00a0\u00a0\u00a0\u00a0Livraison (gratuit)<\/p>\n<p style=\"font-weight: 400;\">&#8211;\u00a0\u00a0\u00a0\u00a0\u00a0\u00a0\u00a0\u00a0Le short (s\u2019il est disponible, dans le cas contraire nous vous proposerons une autre solution)<\/p>\n<p style=\"font-weight: 400;\"><strong><u>Taille disponible<\/u><\/strong>\u00a0:<\/p>\n<p style=\"font-weight: 400;\">Enfant et Adulte<\/p>\n<p style=\"font-weight: 400;\">La s\u00e9lection des tailles se fait par message apr\u00e8s l\u2019achat.<\/p>\n<p style=\"font-weight: 400;\">Nous avons Les maillots de tous vos clubs et \u00e9quipes nationales pr\u00e9f\u00e9r\u00e9s, vous pouvez visiter ma boutique ou simplement me faire une demande par message.<\/p>\n<p style=\"font-weight: 400;\"><strong><u>Questions fr\u00e9quentes<\/u><\/strong>\u00a0:<\/p>\n<p style=\"font-weight: 400;\">1)Pourquoi la livraison est aussi longue ?<\/p>\n<p style=\"font-weight: 400;\">R\u00e9ponse : Le temps de pr\u00e9paration + les mesures anti-covid + Localisation de l\u2019usine en Tha\u00eflande.<\/p>\n<p style=\"font-weight: 400;\">2) Puis-je acheter juste le maillot\u00a0ou quel sont vos tarifs ?<\/p>\n<p style=\"font-weight: 400;\">R\u00e9ponse : Voici nos nouvelles tarifications<\/p>\n<p style=\"font-weight: 400;\">&#8211; Maillot + Flocage : 49,99\u20ac<\/p>\n<p style=\"font-weight: 400;\">&#8211; maillot seul sans flocage\u00a0: 35\u20ac<\/p>\n<p style=\"font-weight: 400;\">&#8211; Short + Flocage\u00a0: 30\u20ac<\/p>\n<p style=\"font-weight: 400;\">&#8211; Short seul\u00a0: 25\u20ac<\/p>\n<p style=\"font-weight: 400;\">3)Pourquoi vos prix sont aussi bas ?<\/p>\n<p style=\"font-weight: 400;\">R\u00e9ponse : Contrairement aux grandes enseignes, j\u2019ai moins de charges fixes et de charges variables juste m\u2019acquitter de la TVA et de l\u2019imp\u00f4t sur le b\u00e9n\u00e9fice.<\/p>\n<p style=\"font-weight: 400;\">4) Puis-je avoir une facture ?<\/p>\n<p style=\"font-weight: 400;\">R\u00e9ponse : Oui<\/p>\n<p style=\"font-weight: 400;\">5) Quelle est la qualit\u00e9 des produits ?<\/p>\n<p style=\"font-weight: 400;\">R\u00e9ponse : ils sont neufs et partent de l\u2019usine \u00e0 votre domicile directement. Je suis le seul interm\u00e9diaire.<\/p>\n<p style=\"font-weight: 400;\">6) Puis-je avoir la grille des tailles ?<\/p>\n<p style=\"font-weight: 400;\">R\u00e9ponse : Juste me contacter et je vous l&rsquo;envoi.<\/p>\n<p style=\"font-weight: 400;\">7) condition de remboursement<\/p>\n<p style=\"font-weight: 400;\">&#8211; Erreur lors du flocage\u00a0-&gt; le maillot nous nous \u00eatre retourn\u00e9<\/p>\n<p style=\"font-weight: 400;\">&#8211; Erreur sur la couleur -&gt; le maillot doit nous \u00eatre retourn\u00e9<\/p>\n<p style=\"font-weight: 400;\">Nb\u00a0: Si vous souhaitez \u00eatre rembours\u00e9, le maillot\u00a0<strong>ENVOYE DOIT NOUS ETRE RETOURNE<\/strong>.<\/p>\n<p style=\"font-weight: 400;\">Pour toutes questions n\u2019h\u00e9sitez pas \u00e0 me joindre.<\/p>\n<p style=\"font-weight: 400;\">\n","protected":false},"excerpt":{"rendered":"<p>le nouveau maillot de <strong>l\u2019\u00e9quipe <b style=\"font-weight: 400;\">d&rsquo;Aston Villa<\/b>\u00a0\u00a0<b style=\"font-weight: 400;\">2025-2026<\/b><\/strong><\/p>\n","protected":false},"featured_media":6576,"comment_status":"open","ping_status":"closed","template":"","meta":{"om_disable_all_campaigns":false,"_monsterinsights_skip_tracking":false,"_monsterinsights_sitenote_active":false,"_monsterinsights_sitenote_note":"","_monsterinsights_sitenote_category":0},"product_brand":[],"product_cat":[56,449,43,35,41],"product_tag":[450],"class_list":{"0":"post-6560","1":"product","2":"type-product","3":"status-publish","4":"has-post-thumbnail","6":"product_cat-angleterre","7":"product_cat-aston-villa","8":"product_cat-club","9":"product_cat-football","10":"product_cat-maillots","11":"product_tag-aston-villa","12":"has-post-title","13":"has-post-date","14":"has-post-category","15":"has-post-tag","16":"has-post-comment","17":"has-post-author","18":"","19":"wcpa_has_options","21":"first","22":"instock","23":"shipping-taxable","24":"purchasable","25":"product-type-variable"},"aioseo_notices":[],"builder_content":"","_links":{"self":[{"href":"https:\/\/dynamicshot.fr\/index.php?rest_route=\/wp\/v2\/product\/6560","targetHints":{"allow":["GET"]}}],"collection":[{"href":"https:\/\/dynamicshot.fr\/index.php?rest_route=\/wp\/v2\/product"}],"about":[{"href":"https:\/\/dynamicshot.fr\/index.php?rest_route=\/wp\/v2\/types\/product"}],"replies":[{"embeddable":true,"href":"https:\/\/dynamicshot.fr\/index.php?rest_route=%2Fwp%2Fv2%2Fcomments&post=6560"}],"wp:featuredmedia":[{"embeddable":true,"href":"https:\/\/dynamicshot.fr\/index.php?rest_route=\/wp\/v2\/media\/6576"}],"wp:attachment":[{"href":"https:\/\/dynamicshot.fr\/index.php?rest_route=%2Fwp%2Fv2%2Fmedia&parent=6560"}],"wp:term":[{"taxonomy":"product_brand","embeddable":true,"href":"https:\/\/dynamicshot.fr\/index.php?rest_route=%2Fwp%2Fv2%2Fproduct_brand&post=6560"},{"taxonomy":"product_cat","embeddable":true,"href":"https:\/\/dynamicshot.fr\/index.php?rest_route=%2Fwp%2Fv2%2Fproduct_cat&post=6560"},{"taxonomy":"product_tag","embeddable":true,"href":"https:\/\/dynamicshot.fr\/index.php?rest_route=%2Fwp%2Fv2%2Fproduct_tag&post=6560"}],"curies":[{"name":"wp","href":"https:\/\/api.w.org\/{rel}","templated":true}]}}