{"id":7698,"date":"2026-02-21T20:49:12","date_gmt":"2026-02-21T19:49:12","guid":{"rendered":"https:\/\/dynamicshot.fr\/?product=maillot-domicile-equipe-du-cameroun-2025-2026-flocage-gratuit-copy"},"modified":"2026-02-21T21:48:55","modified_gmt":"2026-02-21T20:48:55","slug":"maillot-domicile-equipe-du-cameroun-2023-2024-flocage-gratuit-2","status":"publish","type":"product","link":"https:\/\/dynamicshot.fr\/?product=maillot-domicile-equipe-du-cameroun-2023-2024-flocage-gratuit-2","title":{"rendered":"Maillot Ext\u00e9rieur Equipe du Cameroun 2025- 2026 (Flocage Gratuit)"},"content":{"rendered":"<h2 data-start=\"2861\" data-end=\"2959\">\ud83c\udde8\ud83c\uddf2 <strong data-start=\"2869\" data-end=\"2959\">Maillot Domicile Cameroun \u2013 Coupe du Monde 2026 (USA\u2013Canada\u2013Mexique) \u2013 Personnalisable<\/strong><\/h2>\n<h3 data-start=\"2961\" data-end=\"3004\"><strong data-start=\"2965\" data-end=\"3004\">Prix : 49,99 \u20ac \u2013 Livraison gratuite<\/strong><\/h3>\n<p data-start=\"3006\" data-end=\"3224\">Soutenez les <strong data-start=\"3019\" data-end=\"3041\">Lions Indomptables<\/strong> avec ce <strong data-start=\"3050\" data-end=\"3099\">maillot domicile Cameroun Coupe du Monde 2026<\/strong>, inspir\u00e9 du design port\u00e9 par la s\u00e9lection camerounaise pour le tournoi organis\u00e9 aux <strong data-start=\"3184\" data-end=\"3223\">\u00c9tats-Unis, au Canada et au Mexique<\/strong>.<\/p>\n<p data-start=\"3226\" data-end=\"3396\">Ce maillot est <strong data-start=\"3241\" data-end=\"3312\">enti\u00e8rement personnalisable avec le nom et le num\u00e9ro de votre choix<\/strong>. Il convient aux supporters, joueurs amateurs, collectionneurs et fans de football.<\/p>\n<p data-start=\"3398\" data-end=\"3553\">\ud83c\udfa5 <strong data-start=\"3401\" data-end=\"3449\">Qualit\u00e9 v\u00e9rifi\u00e9e sur YouTube : Dynamicshotfr<\/strong><br data-start=\"3449\" data-end=\"3452\" \/>D\u00e9couvrez nos unboxings et tests produits en vid\u00e9o. Abonnez-vous \u2014 nous faisons gagner des maillots !<\/p>\n<p data-start=\"3555\" data-end=\"3717\">\ud83d\udc99 <strong data-start=\"3558\" data-end=\"3582\">Engagement solidaire<\/strong><br data-start=\"3582\" data-end=\"3585\" \/>Pour chaque maillot achet\u00e9, <strong data-start=\"3613\" data-end=\"3662\">5 \u20ac sont revers\u00e9s \u00e0 l\u2019association EBA Salomon<\/strong> (actions humanitaires en France et \u00e0 l\u2019international).<\/p>\n<hr data-start=\"3719\" data-end=\"3722\" \/>\n<h2 data-start=\"3724\" data-end=\"3757\">\ud83d\udc55 Caract\u00e9ristiques du maillot<\/h2>\n<ul data-start=\"3759\" data-end=\"4105\">\n<li data-start=\"3759\" data-end=\"3798\">\n<p data-start=\"3761\" data-end=\"3798\">Tissu <strong data-start=\"3767\" data-end=\"3796\">100 % polyester respirant<\/strong><\/p>\n<\/li>\n<li data-start=\"3799\" data-end=\"3832\">\n<p data-start=\"3801\" data-end=\"3832\">Mati\u00e8re l\u00e9g\u00e8re et confortable<\/p>\n<\/li>\n<li data-start=\"3833\" data-end=\"3871\">\n<p data-start=\"3835\" data-end=\"3871\">Technologie <strong data-start=\"3847\" data-end=\"3869\">anti-transpiration<\/strong><\/p>\n<\/li>\n<li data-start=\"3872\" data-end=\"3943\">\n<p data-start=\"3874\" data-end=\"3943\"><strong data-start=\"3874\" data-end=\"3919\">Flocage professionnel r\u00e9sistant au lavage<\/strong> (nom + num\u00e9ro inclus)<\/p>\n<\/li>\n<li data-start=\"3944\" data-end=\"3994\">\n<p data-start=\"3946\" data-end=\"3994\">Design fid\u00e8le inspir\u00e9 du maillot Cameroun 2026<\/p>\n<\/li>\n<li data-start=\"3995\" data-end=\"4061\">\n<p data-start=\"3997\" data-end=\"4061\">Tailles : <strong data-start=\"4007\" data-end=\"4059\">enfants et adultes (S, M, L, XL, XXL \u2013 unisexes)<\/strong><\/p>\n<\/li>\n<li data-start=\"4062\" data-end=\"4105\">\n<p data-start=\"4064\" data-end=\"4105\">Article <strong data-start=\"4072\" data-end=\"4080\">neuf<\/strong>, soigneusement emball\u00e9<\/p>\n<\/li>\n<\/ul>\n<hr data-start=\"4107\" data-end=\"4110\" \/>\n<h2 data-start=\"4112\" data-end=\"4141\">\u270d\ufe0f Comment personnaliser ?<\/h2>\n<p data-start=\"4143\" data-end=\"4179\">Apr\u00e8s votre commande, envoyez-nous :<\/p>\n<ul data-start=\"4180\" data-end=\"4262\">\n<li data-start=\"4180\" data-end=\"4204\">\n<p data-start=\"4182\" data-end=\"4204\">Le <strong data-start=\"4185\" data-end=\"4192\">nom<\/strong> \u00e0 floquer<\/p>\n<\/li>\n<li data-start=\"4205\" data-end=\"4231\">\n<p data-start=\"4207\" data-end=\"4231\">Le <strong data-start=\"4210\" data-end=\"4220\">num\u00e9ro<\/strong> souhait\u00e9<\/p>\n<\/li>\n<li data-start=\"4232\" data-end=\"4262\">\n<p data-start=\"4234\" data-end=\"4262\">Votre <strong data-start=\"4240\" data-end=\"4260\">taille (S \u00e0 XXL)<\/strong><\/p>\n<\/li>\n<\/ul>\n<p data-start=\"4264\" data-end=\"4333\">\ud83d\udce6 <strong data-start=\"4267\" data-end=\"4299\">Production : jusqu\u2019\u00e0 7 jours<\/strong>, puis envoi avec <strong data-start=\"4317\" data-end=\"4332\">suivi colis<\/strong>.<\/p>\n<hr data-start=\"4335\" data-end=\"4338\" \/>\n<h2 data-start=\"4340\" data-end=\"4355\">\ud83d\ude9a Livraison<\/h2>\n<ul data-start=\"4357\" data-end=\"4521\">\n<li data-start=\"4357\" data-end=\"4404\">\n<p data-start=\"4359\" data-end=\"4404\"><strong data-start=\"4359\" data-end=\"4402\">Livraison gratuite dans le monde entier<\/strong><\/p>\n<\/li>\n<li data-start=\"4405\" data-end=\"4420\">\n<p data-start=\"4407\" data-end=\"4420\">Colis suivi<\/p>\n<\/li>\n<li data-start=\"4421\" data-end=\"4462\">\n<p data-start=\"4423\" data-end=\"4462\"><strong data-start=\"4423\" data-end=\"4460\">D\u00e9lai estim\u00e9 : 20\u201330 jours ouvr\u00e9s<\/strong><\/p>\n<\/li>\n<li data-start=\"4463\" data-end=\"4521\">\n<p data-start=\"4465\" data-end=\"4521\">Fabrication \u00e0 la commande dans notre atelier partenaire.<\/p>\n<\/li>\n<\/ul>\n<hr data-start=\"4523\" data-end=\"4526\" \/>\n<h2 data-start=\"4528\" data-end=\"4553\">\ud83d\udcb3 Paiement &amp; garantie<\/h2>\n<ul data-start=\"4555\" data-end=\"4717\">\n<li data-start=\"4555\" data-end=\"4576\">\n<p data-start=\"4557\" data-end=\"4576\">Paiement s\u00e9curis\u00e9<\/p>\n<\/li>\n<li data-start=\"4577\" data-end=\"4611\">\n<p data-start=\"4579\" data-end=\"4611\">Service client disponible 7j\/7<\/p>\n<\/li>\n<li data-start=\"4612\" data-end=\"4717\">\n<p data-start=\"4614\" data-end=\"4717\"><strong data-start=\"4614\" data-end=\"4717\">Remboursement possible en cas d\u2019erreur de flocage, de taille ou d\u00e9faut produit (retour n\u00e9cessaire).<\/strong><\/p>\n<\/li>\n<\/ul>\n<p data-start=\"4719\" data-end=\"4775\">\u26a0\ufe0f Articles personnalis\u00e9s non remboursables hors erreur.<\/p>\n<hr data-start=\"4777\" data-end=\"4780\" \/>\n<h2 data-start=\"4782\" data-end=\"4817\">\u2b50 Pourquoi choisir Dynamicshot ?<\/h2>\n<ul data-start=\"4819\" data-end=\"5012\">\n<li data-start=\"4819\" data-end=\"4871\">\n<p data-start=\"4821\" data-end=\"4871\">Boutique tenue par un passionn\u00e9 depuis <strong data-start=\"4860\" data-end=\"4869\">3 ans<\/strong><\/p>\n<\/li>\n<li data-start=\"4872\" data-end=\"4909\">\n<p data-start=\"4874\" data-end=\"4909\"><strong data-start=\"4874\" data-end=\"4907\">+95 % de satisfaction clients<\/strong><\/p>\n<\/li>\n<li data-start=\"4910\" data-end=\"4939\">\n<p data-start=\"4912\" data-end=\"4939\">Personnalisation compl\u00e8te<\/p>\n<\/li>\n<li data-start=\"4940\" data-end=\"4986\">\n<p data-start=\"4942\" data-end=\"4986\">Prix juste : <strong data-start=\"4955\" data-end=\"4984\">49,99 \u20ac livraison incluse<\/strong><\/p>\n<\/li>\n<li data-start=\"4987\" data-end=\"5012\">\n<p data-start=\"4989\" data-end=\"5012\">Soutien \u00e0 EBA Salomon<\/p>\n<\/li>\n<\/ul>\n<p data-start=\"5014\" data-end=\"5185\">Bonjour,<br data-start=\"5022\" data-end=\"5025\" \/>Je suis <strong data-start=\"5033\" data-end=\"5041\">Yves<\/strong>, fondateur de Dynamicshot. Mon objectif est de rendre le football accessible \u00e0 tous avec des maillots personnalis\u00e9s, qualitatifs et abordables.<\/p>\n<p data-start=\"5014\" data-end=\"5185\">maillot cameroun 2026, maillot equipe cameroun 2026, maillot cameroun coupe du monde 2026,<br \/>\nmaillot domicile cameroun 2026, maillot foot cameroun personnalis\u00e9,<br \/>\nmaillot cameroun personnalis\u00e9 nom num\u00e9ro, jersey cameroun 2026,<br \/>\nmaillot supporter cameroun, cadeau fan foot cameroun,<br \/>\nmaillot football personnalis\u00e9, dynamicshot maillot cameroun<\/p>\n","protected":false},"excerpt":{"rendered":"<p>le nouveau maillot du <b style=\"font-weight: 400;\">Equipe du Cameroun\u00a0<\/b><\/p>\n","protected":false},"featured_media":7710,"comment_status":"open","ping_status":"closed","template":"","meta":{"om_disable_all_campaigns":false,"_monsterinsights_skip_tracking":false,"_monsterinsights_sitenote_active":false,"_monsterinsights_sitenote_note":"","_monsterinsights_sitenote_category":0},"product_brand":[],"product_cat":[164,42,45,35,41],"product_tag":[165],"class_list":{"0":"post-7698","1":"product","2":"type-product","3":"status-publish","4":"has-post-thumbnail","6":"product_cat-cameroun","7":"product_cat-equipes-nationales","8":"product_cat-equipes-nationales-afrique","9":"product_cat-football","10":"product_cat-maillots","11":"product_tag-equipe-cameroun","12":"has-post-title","13":"has-post-date","14":"has-post-category","15":"has-post-tag","16":"has-post-comment","17":"has-post-author","18":"","19":"wcpa_has_options","21":"first","22":"instock","23":"shipping-taxable","24":"purchasable","25":"product-type-variable"},"aioseo_notices":[],"builder_content":"","_links":{"self":[{"href":"https:\/\/dynamicshot.fr\/index.php?rest_route=\/wp\/v2\/product\/7698","targetHints":{"allow":["GET"]}}],"collection":[{"href":"https:\/\/dynamicshot.fr\/index.php?rest_route=\/wp\/v2\/product"}],"about":[{"href":"https:\/\/dynamicshot.fr\/index.php?rest_route=\/wp\/v2\/types\/product"}],"replies":[{"embeddable":true,"href":"https:\/\/dynamicshot.fr\/index.php?rest_route=%2Fwp%2Fv2%2Fcomments&post=7698"}],"wp:featuredmedia":[{"embeddable":true,"href":"https:\/\/dynamicshot.fr\/index.php?rest_route=\/wp\/v2\/media\/7710"}],"wp:attachment":[{"href":"https:\/\/dynamicshot.fr\/index.php?rest_route=%2Fwp%2Fv2%2Fmedia&parent=7698"}],"wp:term":[{"taxonomy":"product_brand","embeddable":true,"href":"https:\/\/dynamicshot.fr\/index.php?rest_route=%2Fwp%2Fv2%2Fproduct_brand&post=7698"},{"taxonomy":"product_cat","embeddable":true,"href":"https:\/\/dynamicshot.fr\/index.php?rest_route=%2Fwp%2Fv2%2Fproduct_cat&post=7698"},{"taxonomy":"product_tag","embeddable":true,"href":"https:\/\/dynamicshot.fr\/index.php?rest_route=%2Fwp%2Fv2%2Fproduct_tag&post=7698"}],"curies":[{"name":"wp","href":"https:\/\/api.w.org\/{rel}","templated":true}]}}